{"id":4778,"date":"2019-09-24T13:40:27","date_gmt":"2019-09-24T11:40:27","guid":{"rendered":"https:\/\/cubis.nivelz.com\/producto\/paperera-mural-transparent"},"modified":"2019-11-26T10:02:19","modified_gmt":"2019-11-26T09:02:19","slug":"paperera-mural-transparent","status":"publish","type":"product","link":"https:\/\/www.cubis.es\/ca\/producto\/paperera-mural-transparent\/","title":{"rendered":"Paperera mural transparent"},"content":{"rendered":"<p><strong>Paperera mural transparent<\/strong><\/p>\n<ul>\n<li>Dissenyada per a la seguretat en locals de p\u00fablica concurr\u00e8ncia com aeroports, estacions ferrovi\u00e0ries, grans centres comercials, etc.<\/li>\n<li>Cos de xapa d&#8217;acer expandida li atorga transpar\u00e8ncia per poder identificar f\u00e0cilment el contingut de la paperera des de qualsevol punt de vista.<br \/>\n<strong>Opcional:<\/strong><\/li>\n<li>Personalitzaci\u00f3 mitjan\u00e7ant vinils o l\u00e0ser.<\/li>\n<\/ul>\n","protected":false},"excerpt":{"rendered":"<p><b><i class=\"icon-archive\"><\/i><a href=\"\/wp-content\/uploads\/2019\/09\/DE0030-SERIE-DEPLO.pdf\" target=\"_blank\" rel=\"noopener noreferrer\">Descarregar Fitxa t\u00e8cnica<\/a><\/b><\/p>\n<p><b>REF:<\/b> DE0030<\/p>\n","protected":false},"featured_media":0,"template":"","meta":[],"product_brand":[],"product_cat":[],"product_tag":[],"class_list":{"0":"post-4778","1":"product","2":"type-product","3":"status-publish","6":"first","7":"instock","8":"shipping-taxable","9":"product-type-simple"},"yoast_head":"<!-- This site is optimized with the Yoast SEO plugin v26.6 - https:\/\/yoast.com\/wordpress\/plugins\/seo\/ -->\n<title>Paperera mural transparent - Cubis<\/title>\n<meta name=\"robots\" content=\"index, follow, max-snippet:-1, max-image-preview:large, max-video-preview:-1\" \/>\n<link rel=\"canonical\" href=\"https:\/\/www.cubis.es\/ca\/producto\/paperera-mural-transparent\/\" \/>\n<meta property=\"og:locale\" content=\"ca_ES\" \/>\n<meta property=\"og:type\" content=\"article\" \/>\n<meta property=\"og:title\" content=\"Paperera mural transparent - Cubis\" \/>\n<meta property=\"og:description\" content=\"Descarregar Fitxa t\u00e8cnica  REF: DE0030\" \/>\n<meta property=\"og:url\" content=\"https:\/\/www.cubis.es\/ca\/producto\/paperera-mural-transparent\/\" \/>\n<meta property=\"og:site_name\" content=\"Cubis\" \/>\n<meta property=\"article:modified_time\" content=\"2019-11-26T09:02:19+00:00\" \/>\n<meta name=\"twitter:card\" content=\"summary_large_image\" \/>\n<script type=\"application\/ld+json\" class=\"yoast-schema-graph\">{\"@context\":\"https:\/\/schema.org\",\"@graph\":[{\"@type\":\"WebPage\",\"@id\":\"https:\/\/www.cubis.es\/ca\/producto\/paperera-mural-transparent\/\",\"url\":\"https:\/\/www.cubis.es\/ca\/producto\/paperera-mural-transparent\/\",\"name\":\"Paperera mural transparent - Cubis\",\"isPartOf\":{\"@id\":\"https:\/\/www.cubis.es\/#website\"},\"datePublished\":\"2019-09-24T11:40:27+00:00\",\"dateModified\":\"2019-11-26T09:02:19+00:00\",\"breadcrumb\":{\"@id\":\"https:\/\/www.cubis.es\/ca\/producto\/paperera-mural-transparent\/#breadcrumb\"},\"inLanguage\":\"ca\",\"potentialAction\":[{\"@type\":\"ReadAction\",\"target\":[\"https:\/\/www.cubis.es\/ca\/producto\/paperera-mural-transparent\/\"]}]},{\"@type\":\"BreadcrumbList\",\"@id\":\"https:\/\/www.cubis.es\/ca\/producto\/paperera-mural-transparent\/#breadcrumb\",\"itemListElement\":[{\"@type\":\"ListItem\",\"position\":1,\"name\":\"Portada\",\"item\":\"https:\/\/www.cubis.es\/ca\/\"},{\"@type\":\"ListItem\",\"position\":2,\"name\":\"Productes\",\"item\":\"https:\/\/www.cubis.es\/ca\/shop\/\"},{\"@type\":\"ListItem\",\"position\":3,\"name\":\"Paperera mural transparent\"}]},{\"@type\":\"WebSite\",\"@id\":\"https:\/\/www.cubis.es\/#website\",\"url\":\"https:\/\/www.cubis.es\/\",\"name\":\"Cubis\",\"description\":\"Fabricantes desde 1955\",\"publisher\":{\"@id\":\"https:\/\/www.cubis.es\/#organization\"},\"potentialAction\":[{\"@type\":\"SearchAction\",\"target\":{\"@type\":\"EntryPoint\",\"urlTemplate\":\"https:\/\/www.cubis.es\/?s={search_term_string}\"},\"query-input\":{\"@type\":\"PropertyValueSpecification\",\"valueRequired\":true,\"valueName\":\"search_term_string\"}}],\"inLanguage\":\"ca\"},{\"@type\":\"Organization\",\"@id\":\"https:\/\/www.cubis.es\/#organization\",\"name\":\"SIGUERTA\",\"url\":\"https:\/\/www.cubis.es\/\",\"logo\":{\"@type\":\"ImageObject\",\"inLanguage\":\"ca\",\"@id\":\"https:\/\/www.cubis.es\/#\/schema\/logo\/image\/\",\"url\":\"https:\/\/www.cubis.es\/wp-content\/uploads\/2019\/09\/ezgif.com-webp-to-png.png\",\"contentUrl\":\"https:\/\/www.cubis.es\/wp-content\/uploads\/2019\/09\/ezgif.com-webp-to-png.png\",\"width\":239,\"height\":41,\"caption\":\"SIGUERTA\"},\"image\":{\"@id\":\"https:\/\/www.cubis.es\/#\/schema\/logo\/image\/\"}}]}<\/script>\n<!-- \/ Yoast SEO plugin. -->","yoast_head_json":{"title":"Paperera mural transparent - Cubis","robots":{"index":"index","follow":"follow","max-snippet":"max-snippet:-1","max-image-preview":"max-image-preview:large","max-video-preview":"max-video-preview:-1"},"canonical":"https:\/\/www.cubis.es\/ca\/producto\/paperera-mural-transparent\/","og_locale":"ca_ES","og_type":"article","og_title":"Paperera mural transparent - Cubis","og_description":"Descarregar Fitxa t\u00e8cnica  REF: DE0030","og_url":"https:\/\/www.cubis.es\/ca\/producto\/paperera-mural-transparent\/","og_site_name":"Cubis","article_modified_time":"2019-11-26T09:02:19+00:00","twitter_card":"summary_large_image","schema":{"@context":"https:\/\/schema.org","@graph":[{"@type":"WebPage","@id":"https:\/\/www.cubis.es\/ca\/producto\/paperera-mural-transparent\/","url":"https:\/\/www.cubis.es\/ca\/producto\/paperera-mural-transparent\/","name":"Paperera mural transparent - Cubis","isPartOf":{"@id":"https:\/\/www.cubis.es\/#website"},"datePublished":"2019-09-24T11:40:27+00:00","dateModified":"2019-11-26T09:02:19+00:00","breadcrumb":{"@id":"https:\/\/www.cubis.es\/ca\/producto\/paperera-mural-transparent\/#breadcrumb"},"inLanguage":"ca","potentialAction":[{"@type":"ReadAction","target":["https:\/\/www.cubis.es\/ca\/producto\/paperera-mural-transparent\/"]}]},{"@type":"BreadcrumbList","@id":"https:\/\/www.cubis.es\/ca\/producto\/paperera-mural-transparent\/#breadcrumb","itemListElement":[{"@type":"ListItem","position":1,"name":"Portada","item":"https:\/\/www.cubis.es\/ca\/"},{"@type":"ListItem","position":2,"name":"Productes","item":"https:\/\/www.cubis.es\/ca\/shop\/"},{"@type":"ListItem","position":3,"name":"Paperera mural transparent"}]},{"@type":"WebSite","@id":"https:\/\/www.cubis.es\/#website","url":"https:\/\/www.cubis.es\/","name":"Cubis","description":"Fabricantes desde 1955","publisher":{"@id":"https:\/\/www.cubis.es\/#organization"},"potentialAction":[{"@type":"SearchAction","target":{"@type":"EntryPoint","urlTemplate":"https:\/\/www.cubis.es\/?s={search_term_string}"},"query-input":{"@type":"PropertyValueSpecification","valueRequired":true,"valueName":"search_term_string"}}],"inLanguage":"ca"},{"@type":"Organization","@id":"https:\/\/www.cubis.es\/#organization","name":"SIGUERTA","url":"https:\/\/www.cubis.es\/","logo":{"@type":"ImageObject","inLanguage":"ca","@id":"https:\/\/www.cubis.es\/#\/schema\/logo\/image\/","url":"https:\/\/www.cubis.es\/wp-content\/uploads\/2019\/09\/ezgif.com-webp-to-png.png","contentUrl":"https:\/\/www.cubis.es\/wp-content\/uploads\/2019\/09\/ezgif.com-webp-to-png.png","width":239,"height":41,"caption":"SIGUERTA"},"image":{"@id":"https:\/\/www.cubis.es\/#\/schema\/logo\/image\/"}}]}},"_links":{"self":[{"href":"https:\/\/www.cubis.es\/ca\/wp-json\/wp\/v2\/product\/4778","targetHints":{"allow":["GET"]}}],"collection":[{"href":"https:\/\/www.cubis.es\/ca\/wp-json\/wp\/v2\/product"}],"about":[{"href":"https:\/\/www.cubis.es\/ca\/wp-json\/wp\/v2\/types\/product"}],"wp:attachment":[{"href":"https:\/\/www.cubis.es\/ca\/wp-json\/wp\/v2\/media?parent=4778"}],"wp:term":[{"taxonomy":"product_brand","embeddable":true,"href":"https:\/\/www.cubis.es\/ca\/wp-json\/wp\/v2\/product_brand?post=4778"},{"taxonomy":"product_cat","embeddable":true,"href":"https:\/\/www.cubis.es\/ca\/wp-json\/wp\/v2\/product_cat?post=4778"},{"taxonomy":"product_tag","embeddable":true,"href":"https:\/\/www.cubis.es\/ca\/wp-json\/wp\/v2\/product_tag?post=4778"}],"curies":[{"name":"wp","href":"https:\/\/api.w.org\/{rel}","templated":true}]}}