{"id":4995,"date":"2019-09-23T15:49:17","date_gmt":"2019-09-23T13:49:17","guid":{"rendered":"https:\/\/cubis.nivelz.com\/producto\/paperera-urbana-cilindrica-amb-capcal-i-cubeta-extraible"},"modified":"2019-11-26T10:13:20","modified_gmt":"2019-11-26T09:13:20","slug":"paperera-urbana-cilindrica-amb-capcal-i-cubeta-extraible","status":"publish","type":"product","link":"https:\/\/www.cubis.es\/ca\/producto\/paperera-urbana-cilindrica-amb-capcal-i-cubeta-extraible\/","title":{"rendered":"Paperera urbana cil\u00edndrica amb cap\u00e7al i cubeta extra\u00efble"},"content":{"rendered":"<p><b> Paperera urbana cil\u00edndrica amb cap\u00e7al i cubeta extra\u00efble<\/b><\/p>\n<ul>\n<li>Fabricada en xapa llisa o perforada.<\/li>\n<li>Cap\u00e7al amb orifici redu\u00eft.<\/li>\n<li>Pany amb clau triangular.<\/li>\n<li>Cubeta interior, extra\u00efble.<\/li>\n<li>Fixaci\u00f3 amb base c\u00f2nica.<\/li>\n<\/ul>\n","protected":false},"excerpt":{"rendered":"<p><b><i class=\"icon-archive\"><\/i><a href=\"\/wp-content\/uploads\/2019\/09\/papelera-urbana-cabezal-684.pdf\" target=\"_blank\" rel=\"noopener noreferrer\">Descarregar Fitxa t\u00e8cnica<\/a><\/b><\/p>\n<p><b>REF:<\/b> 684\/784<\/p>\n","protected":false},"featured_media":6877,"template":"","meta":[],"product_brand":[],"product_cat":[107],"product_tag":[],"class_list":{"0":"post-4995","1":"product","2":"type-product","3":"status-publish","4":"has-post-thumbnail","6":"product_cat-papereres-dexterior","8":"first","9":"instock","10":"shipping-taxable","11":"product-type-simple"},"yoast_head":"<!-- This site is optimized with the Yoast SEO plugin v26.6 - https:\/\/yoast.com\/wordpress\/plugins\/seo\/ -->\n<title>Paperera urbana cil\u00edndrica amb cap\u00e7al i cubeta extra\u00efble - Cubis<\/title>\n<meta name=\"robots\" content=\"index, follow, max-snippet:-1, max-image-preview:large, max-video-preview:-1\" \/>\n<link rel=\"canonical\" href=\"https:\/\/www.cubis.es\/ca\/producto\/paperera-urbana-cilindrica-amb-capcal-i-cubeta-extraible\/\" \/>\n<meta property=\"og:locale\" content=\"ca_ES\" \/>\n<meta property=\"og:type\" content=\"article\" \/>\n<meta property=\"og:title\" content=\"Paperera urbana cil\u00edndrica amb cap\u00e7al i cubeta extra\u00efble - Cubis\" \/>\n<meta property=\"og:description\" content=\"Descarregar Fitxa t\u00e8cnica  REF: 684\/784\" \/>\n<meta property=\"og:url\" content=\"https:\/\/www.cubis.es\/ca\/producto\/paperera-urbana-cilindrica-amb-capcal-i-cubeta-extraible\/\" \/>\n<meta property=\"og:site_name\" content=\"Cubis\" \/>\n<meta property=\"article:modified_time\" content=\"2019-11-26T09:13:20+00:00\" \/>\n<meta property=\"og:image\" content=\"https:\/\/www.cubis.es\/wp-content\/uploads\/2019\/09\/Papelera-urbana-684-I-784-1.jpg\" \/>\n\t<meta property=\"og:image:width\" content=\"800\" \/>\n\t<meta property=\"og:image:height\" content=\"600\" \/>\n\t<meta property=\"og:image:type\" content=\"image\/jpeg\" \/>\n<meta name=\"twitter:card\" content=\"summary_large_image\" \/>\n<script type=\"application\/ld+json\" class=\"yoast-schema-graph\">{\"@context\":\"https:\/\/schema.org\",\"@graph\":[{\"@type\":\"WebPage\",\"@id\":\"https:\/\/www.cubis.es\/ca\/producto\/paperera-urbana-cilindrica-amb-capcal-i-cubeta-extraible\/\",\"url\":\"https:\/\/www.cubis.es\/ca\/producto\/paperera-urbana-cilindrica-amb-capcal-i-cubeta-extraible\/\",\"name\":\"Paperera urbana cil\u00edndrica amb cap\u00e7al i cubeta extra\u00efble - Cubis\",\"isPartOf\":{\"@id\":\"https:\/\/www.cubis.es\/#website\"},\"primaryImageOfPage\":{\"@id\":\"https:\/\/www.cubis.es\/ca\/producto\/paperera-urbana-cilindrica-amb-capcal-i-cubeta-extraible\/#primaryimage\"},\"image\":{\"@id\":\"https:\/\/www.cubis.es\/ca\/producto\/paperera-urbana-cilindrica-amb-capcal-i-cubeta-extraible\/#primaryimage\"},\"thumbnailUrl\":\"https:\/\/www.cubis.es\/wp-content\/uploads\/2019\/09\/Papelera-urbana-684-I-784-1.jpg\",\"datePublished\":\"2019-09-23T13:49:17+00:00\",\"dateModified\":\"2019-11-26T09:13:20+00:00\",\"breadcrumb\":{\"@id\":\"https:\/\/www.cubis.es\/ca\/producto\/paperera-urbana-cilindrica-amb-capcal-i-cubeta-extraible\/#breadcrumb\"},\"inLanguage\":\"ca\",\"potentialAction\":[{\"@type\":\"ReadAction\",\"target\":[\"https:\/\/www.cubis.es\/ca\/producto\/paperera-urbana-cilindrica-amb-capcal-i-cubeta-extraible\/\"]}]},{\"@type\":\"ImageObject\",\"inLanguage\":\"ca\",\"@id\":\"https:\/\/www.cubis.es\/ca\/producto\/paperera-urbana-cilindrica-amb-capcal-i-cubeta-extraible\/#primaryimage\",\"url\":\"https:\/\/www.cubis.es\/wp-content\/uploads\/2019\/09\/Papelera-urbana-684-I-784-1.jpg\",\"contentUrl\":\"https:\/\/www.cubis.es\/wp-content\/uploads\/2019\/09\/Papelera-urbana-684-I-784-1.jpg\",\"width\":800,\"height\":600,\"caption\":\"Papelera urbana con cabezal, cubeta interior y cerradura\"},{\"@type\":\"BreadcrumbList\",\"@id\":\"https:\/\/www.cubis.es\/ca\/producto\/paperera-urbana-cilindrica-amb-capcal-i-cubeta-extraible\/#breadcrumb\",\"itemListElement\":[{\"@type\":\"ListItem\",\"position\":1,\"name\":\"Portada\",\"item\":\"https:\/\/www.cubis.es\/ca\/\"},{\"@type\":\"ListItem\",\"position\":2,\"name\":\"Productes\",\"item\":\"https:\/\/www.cubis.es\/ca\/shop\/\"},{\"@type\":\"ListItem\",\"position\":3,\"name\":\"Paperera urbana cil\u00edndrica amb cap\u00e7al i cubeta extra\u00efble\"}]},{\"@type\":\"WebSite\",\"@id\":\"https:\/\/www.cubis.es\/#website\",\"url\":\"https:\/\/www.cubis.es\/\",\"name\":\"Cubis\",\"description\":\"Fabricantes desde 1955\",\"publisher\":{\"@id\":\"https:\/\/www.cubis.es\/#organization\"},\"potentialAction\":[{\"@type\":\"SearchAction\",\"target\":{\"@type\":\"EntryPoint\",\"urlTemplate\":\"https:\/\/www.cubis.es\/?s={search_term_string}\"},\"query-input\":{\"@type\":\"PropertyValueSpecification\",\"valueRequired\":true,\"valueName\":\"search_term_string\"}}],\"inLanguage\":\"ca\"},{\"@type\":\"Organization\",\"@id\":\"https:\/\/www.cubis.es\/#organization\",\"name\":\"SIGUERTA\",\"url\":\"https:\/\/www.cubis.es\/\",\"logo\":{\"@type\":\"ImageObject\",\"inLanguage\":\"ca\",\"@id\":\"https:\/\/www.cubis.es\/#\/schema\/logo\/image\/\",\"url\":\"https:\/\/www.cubis.es\/wp-content\/uploads\/2019\/09\/ezgif.com-webp-to-png.png\",\"contentUrl\":\"https:\/\/www.cubis.es\/wp-content\/uploads\/2019\/09\/ezgif.com-webp-to-png.png\",\"width\":239,\"height\":41,\"caption\":\"SIGUERTA\"},\"image\":{\"@id\":\"https:\/\/www.cubis.es\/#\/schema\/logo\/image\/\"}}]}<\/script>\n<!-- \/ Yoast SEO plugin. -->","yoast_head_json":{"title":"Paperera urbana cil\u00edndrica amb cap\u00e7al i cubeta extra\u00efble - Cubis","robots":{"index":"index","follow":"follow","max-snippet":"max-snippet:-1","max-image-preview":"max-image-preview:large","max-video-preview":"max-video-preview:-1"},"canonical":"https:\/\/www.cubis.es\/ca\/producto\/paperera-urbana-cilindrica-amb-capcal-i-cubeta-extraible\/","og_locale":"ca_ES","og_type":"article","og_title":"Paperera urbana cil\u00edndrica amb cap\u00e7al i cubeta extra\u00efble - Cubis","og_description":"Descarregar Fitxa t\u00e8cnica  REF: 684\/784","og_url":"https:\/\/www.cubis.es\/ca\/producto\/paperera-urbana-cilindrica-amb-capcal-i-cubeta-extraible\/","og_site_name":"Cubis","article_modified_time":"2019-11-26T09:13:20+00:00","og_image":[{"width":800,"height":600,"url":"https:\/\/www.cubis.es\/wp-content\/uploads\/2019\/09\/Papelera-urbana-684-I-784-1.jpg","type":"image\/jpeg"}],"twitter_card":"summary_large_image","schema":{"@context":"https:\/\/schema.org","@graph":[{"@type":"WebPage","@id":"https:\/\/www.cubis.es\/ca\/producto\/paperera-urbana-cilindrica-amb-capcal-i-cubeta-extraible\/","url":"https:\/\/www.cubis.es\/ca\/producto\/paperera-urbana-cilindrica-amb-capcal-i-cubeta-extraible\/","name":"Paperera urbana cil\u00edndrica amb cap\u00e7al i cubeta extra\u00efble - Cubis","isPartOf":{"@id":"https:\/\/www.cubis.es\/#website"},"primaryImageOfPage":{"@id":"https:\/\/www.cubis.es\/ca\/producto\/paperera-urbana-cilindrica-amb-capcal-i-cubeta-extraible\/#primaryimage"},"image":{"@id":"https:\/\/www.cubis.es\/ca\/producto\/paperera-urbana-cilindrica-amb-capcal-i-cubeta-extraible\/#primaryimage"},"thumbnailUrl":"https:\/\/www.cubis.es\/wp-content\/uploads\/2019\/09\/Papelera-urbana-684-I-784-1.jpg","datePublished":"2019-09-23T13:49:17+00:00","dateModified":"2019-11-26T09:13:20+00:00","breadcrumb":{"@id":"https:\/\/www.cubis.es\/ca\/producto\/paperera-urbana-cilindrica-amb-capcal-i-cubeta-extraible\/#breadcrumb"},"inLanguage":"ca","potentialAction":[{"@type":"ReadAction","target":["https:\/\/www.cubis.es\/ca\/producto\/paperera-urbana-cilindrica-amb-capcal-i-cubeta-extraible\/"]}]},{"@type":"ImageObject","inLanguage":"ca","@id":"https:\/\/www.cubis.es\/ca\/producto\/paperera-urbana-cilindrica-amb-capcal-i-cubeta-extraible\/#primaryimage","url":"https:\/\/www.cubis.es\/wp-content\/uploads\/2019\/09\/Papelera-urbana-684-I-784-1.jpg","contentUrl":"https:\/\/www.cubis.es\/wp-content\/uploads\/2019\/09\/Papelera-urbana-684-I-784-1.jpg","width":800,"height":600,"caption":"Papelera urbana con cabezal, cubeta interior y cerradura"},{"@type":"BreadcrumbList","@id":"https:\/\/www.cubis.es\/ca\/producto\/paperera-urbana-cilindrica-amb-capcal-i-cubeta-extraible\/#breadcrumb","itemListElement":[{"@type":"ListItem","position":1,"name":"Portada","item":"https:\/\/www.cubis.es\/ca\/"},{"@type":"ListItem","position":2,"name":"Productes","item":"https:\/\/www.cubis.es\/ca\/shop\/"},{"@type":"ListItem","position":3,"name":"Paperera urbana cil\u00edndrica amb cap\u00e7al i cubeta extra\u00efble"}]},{"@type":"WebSite","@id":"https:\/\/www.cubis.es\/#website","url":"https:\/\/www.cubis.es\/","name":"Cubis","description":"Fabricantes desde 1955","publisher":{"@id":"https:\/\/www.cubis.es\/#organization"},"potentialAction":[{"@type":"SearchAction","target":{"@type":"EntryPoint","urlTemplate":"https:\/\/www.cubis.es\/?s={search_term_string}"},"query-input":{"@type":"PropertyValueSpecification","valueRequired":true,"valueName":"search_term_string"}}],"inLanguage":"ca"},{"@type":"Organization","@id":"https:\/\/www.cubis.es\/#organization","name":"SIGUERTA","url":"https:\/\/www.cubis.es\/","logo":{"@type":"ImageObject","inLanguage":"ca","@id":"https:\/\/www.cubis.es\/#\/schema\/logo\/image\/","url":"https:\/\/www.cubis.es\/wp-content\/uploads\/2019\/09\/ezgif.com-webp-to-png.png","contentUrl":"https:\/\/www.cubis.es\/wp-content\/uploads\/2019\/09\/ezgif.com-webp-to-png.png","width":239,"height":41,"caption":"SIGUERTA"},"image":{"@id":"https:\/\/www.cubis.es\/#\/schema\/logo\/image\/"}}]}},"_links":{"self":[{"href":"https:\/\/www.cubis.es\/ca\/wp-json\/wp\/v2\/product\/4995","targetHints":{"allow":["GET"]}}],"collection":[{"href":"https:\/\/www.cubis.es\/ca\/wp-json\/wp\/v2\/product"}],"about":[{"href":"https:\/\/www.cubis.es\/ca\/wp-json\/wp\/v2\/types\/product"}],"wp:featuredmedia":[{"embeddable":true,"href":"https:\/\/www.cubis.es\/ca\/wp-json\/wp\/v2\/media\/6877"}],"wp:attachment":[{"href":"https:\/\/www.cubis.es\/ca\/wp-json\/wp\/v2\/media?parent=4995"}],"wp:term":[{"taxonomy":"product_brand","embeddable":true,"href":"https:\/\/www.cubis.es\/ca\/wp-json\/wp\/v2\/product_brand?post=4995"},{"taxonomy":"product_cat","embeddable":true,"href":"https:\/\/www.cubis.es\/ca\/wp-json\/wp\/v2\/product_cat?post=4995"},{"taxonomy":"product_tag","embeddable":true,"href":"https:\/\/www.cubis.es\/ca\/wp-json\/wp\/v2\/product_tag?post=4995"}],"curies":[{"name":"wp","href":"https:\/\/api.w.org\/{rel}","templated":true}]}}