{"id":6599,"date":"2020-12-13T10:15:26","date_gmt":"2020-12-13T09:15:26","guid":{"rendered":"https:\/\/www.cubis.es\/?post_type=product&#038;p=6599"},"modified":"2021-04-02T20:48:17","modified_gmt":"2021-04-02T18:48:17","slug":"cenicero-mural-de-acero-inoxidable-2","status":"publish","type":"product","link":"https:\/\/www.cubis.es\/ca\/producto\/cenicero-mural-de-acero-inoxidable-2\/","title":{"rendered":"Cenicero mural de acero inoxidable"},"content":{"rendered":"<ul>\n<li>Cenicero de dise\u00f1o atemporal<\/li>\n<li>Dise\u00f1ado para uso en exteriores<\/li>\n<li>Totalmente en acero inoxidable<\/li>\n<li>Con techo para proteger el interior del agua de lluvia<\/li>\n<li>Trampilla bloqueada para vaciado desde abajo.<\/li>\n<li>Instalaci\u00f3n r\u00e1pida y f\u00e1cil, con plantilla de montaje incluidos<\/li>\n<li>Se suministra con una llave de bloqueo.<\/li>\n<\/ul>\n<p><strong>Informaciones t\u00e9cnicas<\/strong><\/p>\n<p>Acabado: Espejo color acero inoxidable<br \/>\nDimensiones (en cm): 46 (H) x 7.6 (W) x 7.6 (D)<br \/>\nPeso neto 1,1 kg<br \/>\nPeso bruto 1,53 kg<br \/>\nMaterial Acero inoxidable 304<\/p>\n","protected":false},"excerpt":{"rendered":"<p><a href=\"https:\/\/www.cubis.es\/wp-content\/uploads\/2021\/04\/F.T.-cenicero-mural-inox-17-L.pdf\" target=\"_blank\" rel=\"noopener\"><span style=\"color: #ff0000;\"><strong>Ficha t\u00e9cnica<\/strong><\/span><\/a><br \/>\n<strong>REF: 720 INOX<\/strong><br \/>\n<strong>CODIGO: 60120<\/strong><\/p>\n<p>&nbsp;<\/p>\n","protected":false},"featured_media":6600,"template":"","meta":[],"product_brand":[],"product_cat":[73],"product_tag":[147],"class_list":{"0":"post-6599","1":"product","2":"type-product","3":"status-publish","4":"has-post-thumbnail","6":"product_cat-ceniceros-de-pie","7":"product_tag-cenicero-mural-de-acero-inoxidable","9":"first","10":"instock","11":"shipping-taxable","12":"product-type-simple"},"yoast_head":"<!-- This site is optimized with the Yoast SEO plugin v26.6 - https:\/\/yoast.com\/wordpress\/plugins\/seo\/ -->\n<title>Cenicero mural de acero inoxidable para exterior capacidad 1,7 litros<\/title>\n<meta name=\"description\" content=\"Cenicero mural de acero inoxidable\" \/>\n<meta name=\"robots\" content=\"index, follow, max-snippet:-1, max-image-preview:large, max-video-preview:-1\" \/>\n<link rel=\"canonical\" href=\"https:\/\/www.cubis.es\/producto\/cenicero-mural-de-acero-inoxidable-2\/\" \/>\n<meta property=\"og:locale\" content=\"ca_ES\" \/>\n<meta property=\"og:type\" content=\"article\" \/>\n<meta property=\"og:title\" content=\"Cenicero mural de acero inoxidable para exterior capacidad 1,7 litros\" \/>\n<meta property=\"og:description\" content=\"Cenicero mural de acero inoxidable\" \/>\n<meta property=\"og:url\" content=\"https:\/\/www.cubis.es\/producto\/cenicero-mural-de-acero-inoxidable-2\/\" \/>\n<meta property=\"og:site_name\" content=\"Cubis\" \/>\n<meta property=\"article:modified_time\" content=\"2021-04-02T18:48:17+00:00\" \/>\n<meta property=\"og:image\" content=\"https:\/\/www.cubis.es\/wp-content\/uploads\/2020\/12\/Cenicero-mural-de-17-L-inox-espejo-60120.jpg\" \/>\n\t<meta property=\"og:image:width\" content=\"800\" \/>\n\t<meta property=\"og:image:height\" content=\"600\" \/>\n\t<meta property=\"og:image:type\" content=\"image\/jpeg\" \/>\n<meta name=\"twitter:card\" content=\"summary_large_image\" \/>\n<script type=\"application\/ld+json\" class=\"yoast-schema-graph\">{\"@context\":\"https:\/\/schema.org\",\"@graph\":[{\"@type\":\"WebPage\",\"@id\":\"https:\/\/www.cubis.es\/producto\/cenicero-mural-de-acero-inoxidable-2\/\",\"url\":\"https:\/\/www.cubis.es\/producto\/cenicero-mural-de-acero-inoxidable-2\/\",\"name\":\"Cenicero mural de acero inoxidable para exterior capacidad 1,7 litros\",\"isPartOf\":{\"@id\":\"https:\/\/www.cubis.es\/#website\"},\"primaryImageOfPage\":{\"@id\":\"https:\/\/www.cubis.es\/producto\/cenicero-mural-de-acero-inoxidable-2\/#primaryimage\"},\"image\":{\"@id\":\"https:\/\/www.cubis.es\/producto\/cenicero-mural-de-acero-inoxidable-2\/#primaryimage\"},\"thumbnailUrl\":\"https:\/\/www.cubis.es\/wp-content\/uploads\/2020\/12\/Cenicero-mural-de-17-L-inox-espejo-60120.jpg\",\"datePublished\":\"2020-12-13T09:15:26+00:00\",\"dateModified\":\"2021-04-02T18:48:17+00:00\",\"description\":\"Cenicero mural de acero inoxidable\",\"breadcrumb\":{\"@id\":\"https:\/\/www.cubis.es\/producto\/cenicero-mural-de-acero-inoxidable-2\/#breadcrumb\"},\"inLanguage\":\"ca\",\"potentialAction\":[{\"@type\":\"ReadAction\",\"target\":[\"https:\/\/www.cubis.es\/producto\/cenicero-mural-de-acero-inoxidable-2\/\"]}]},{\"@type\":\"ImageObject\",\"inLanguage\":\"ca\",\"@id\":\"https:\/\/www.cubis.es\/producto\/cenicero-mural-de-acero-inoxidable-2\/#primaryimage\",\"url\":\"https:\/\/www.cubis.es\/wp-content\/uploads\/2020\/12\/Cenicero-mural-de-17-L-inox-espejo-60120.jpg\",\"contentUrl\":\"https:\/\/www.cubis.es\/wp-content\/uploads\/2020\/12\/Cenicero-mural-de-17-L-inox-espejo-60120.jpg\",\"width\":800,\"height\":600,\"caption\":\"Cenicero mural de acero inoxidable\"},{\"@type\":\"BreadcrumbList\",\"@id\":\"https:\/\/www.cubis.es\/producto\/cenicero-mural-de-acero-inoxidable-2\/#breadcrumb\",\"itemListElement\":[{\"@type\":\"ListItem\",\"position\":1,\"name\":\"Portada\",\"item\":\"https:\/\/www.cubis.es\/ca\/\"},{\"@type\":\"ListItem\",\"position\":2,\"name\":\"Productes\",\"item\":\"https:\/\/www.cubis.es\/ca\/shop\/\"},{\"@type\":\"ListItem\",\"position\":3,\"name\":\"Cenicero mural de acero inoxidable\"}]},{\"@type\":\"WebSite\",\"@id\":\"https:\/\/www.cubis.es\/#website\",\"url\":\"https:\/\/www.cubis.es\/\",\"name\":\"Cubis\",\"description\":\"Fabricantes desde 1955\",\"publisher\":{\"@id\":\"https:\/\/www.cubis.es\/#organization\"},\"potentialAction\":[{\"@type\":\"SearchAction\",\"target\":{\"@type\":\"EntryPoint\",\"urlTemplate\":\"https:\/\/www.cubis.es\/?s={search_term_string}\"},\"query-input\":{\"@type\":\"PropertyValueSpecification\",\"valueRequired\":true,\"valueName\":\"search_term_string\"}}],\"inLanguage\":\"ca\"},{\"@type\":\"Organization\",\"@id\":\"https:\/\/www.cubis.es\/#organization\",\"name\":\"SIGUERTA\",\"url\":\"https:\/\/www.cubis.es\/\",\"logo\":{\"@type\":\"ImageObject\",\"inLanguage\":\"ca\",\"@id\":\"https:\/\/www.cubis.es\/#\/schema\/logo\/image\/\",\"url\":\"https:\/\/www.cubis.es\/wp-content\/uploads\/2019\/09\/ezgif.com-webp-to-png.png\",\"contentUrl\":\"https:\/\/www.cubis.es\/wp-content\/uploads\/2019\/09\/ezgif.com-webp-to-png.png\",\"width\":239,\"height\":41,\"caption\":\"SIGUERTA\"},\"image\":{\"@id\":\"https:\/\/www.cubis.es\/#\/schema\/logo\/image\/\"}}]}<\/script>\n<!-- \/ Yoast SEO plugin. -->","yoast_head_json":{"title":"Cenicero mural de acero inoxidable para exterior capacidad 1,7 litros","description":"Cenicero mural de acero inoxidable","robots":{"index":"index","follow":"follow","max-snippet":"max-snippet:-1","max-image-preview":"max-image-preview:large","max-video-preview":"max-video-preview:-1"},"canonical":"https:\/\/www.cubis.es\/producto\/cenicero-mural-de-acero-inoxidable-2\/","og_locale":"ca_ES","og_type":"article","og_title":"Cenicero mural de acero inoxidable para exterior capacidad 1,7 litros","og_description":"Cenicero mural de acero inoxidable","og_url":"https:\/\/www.cubis.es\/producto\/cenicero-mural-de-acero-inoxidable-2\/","og_site_name":"Cubis","article_modified_time":"2021-04-02T18:48:17+00:00","og_image":[{"width":800,"height":600,"url":"https:\/\/www.cubis.es\/wp-content\/uploads\/2020\/12\/Cenicero-mural-de-17-L-inox-espejo-60120.jpg","type":"image\/jpeg"}],"twitter_card":"summary_large_image","schema":{"@context":"https:\/\/schema.org","@graph":[{"@type":"WebPage","@id":"https:\/\/www.cubis.es\/producto\/cenicero-mural-de-acero-inoxidable-2\/","url":"https:\/\/www.cubis.es\/producto\/cenicero-mural-de-acero-inoxidable-2\/","name":"Cenicero mural de acero inoxidable para exterior capacidad 1,7 litros","isPartOf":{"@id":"https:\/\/www.cubis.es\/#website"},"primaryImageOfPage":{"@id":"https:\/\/www.cubis.es\/producto\/cenicero-mural-de-acero-inoxidable-2\/#primaryimage"},"image":{"@id":"https:\/\/www.cubis.es\/producto\/cenicero-mural-de-acero-inoxidable-2\/#primaryimage"},"thumbnailUrl":"https:\/\/www.cubis.es\/wp-content\/uploads\/2020\/12\/Cenicero-mural-de-17-L-inox-espejo-60120.jpg","datePublished":"2020-12-13T09:15:26+00:00","dateModified":"2021-04-02T18:48:17+00:00","description":"Cenicero mural de acero inoxidable","breadcrumb":{"@id":"https:\/\/www.cubis.es\/producto\/cenicero-mural-de-acero-inoxidable-2\/#breadcrumb"},"inLanguage":"ca","potentialAction":[{"@type":"ReadAction","target":["https:\/\/www.cubis.es\/producto\/cenicero-mural-de-acero-inoxidable-2\/"]}]},{"@type":"ImageObject","inLanguage":"ca","@id":"https:\/\/www.cubis.es\/producto\/cenicero-mural-de-acero-inoxidable-2\/#primaryimage","url":"https:\/\/www.cubis.es\/wp-content\/uploads\/2020\/12\/Cenicero-mural-de-17-L-inox-espejo-60120.jpg","contentUrl":"https:\/\/www.cubis.es\/wp-content\/uploads\/2020\/12\/Cenicero-mural-de-17-L-inox-espejo-60120.jpg","width":800,"height":600,"caption":"Cenicero mural de acero inoxidable"},{"@type":"BreadcrumbList","@id":"https:\/\/www.cubis.es\/producto\/cenicero-mural-de-acero-inoxidable-2\/#breadcrumb","itemListElement":[{"@type":"ListItem","position":1,"name":"Portada","item":"https:\/\/www.cubis.es\/ca\/"},{"@type":"ListItem","position":2,"name":"Productes","item":"https:\/\/www.cubis.es\/ca\/shop\/"},{"@type":"ListItem","position":3,"name":"Cenicero mural de acero inoxidable"}]},{"@type":"WebSite","@id":"https:\/\/www.cubis.es\/#website","url":"https:\/\/www.cubis.es\/","name":"Cubis","description":"Fabricantes desde 1955","publisher":{"@id":"https:\/\/www.cubis.es\/#organization"},"potentialAction":[{"@type":"SearchAction","target":{"@type":"EntryPoint","urlTemplate":"https:\/\/www.cubis.es\/?s={search_term_string}"},"query-input":{"@type":"PropertyValueSpecification","valueRequired":true,"valueName":"search_term_string"}}],"inLanguage":"ca"},{"@type":"Organization","@id":"https:\/\/www.cubis.es\/#organization","name":"SIGUERTA","url":"https:\/\/www.cubis.es\/","logo":{"@type":"ImageObject","inLanguage":"ca","@id":"https:\/\/www.cubis.es\/#\/schema\/logo\/image\/","url":"https:\/\/www.cubis.es\/wp-content\/uploads\/2019\/09\/ezgif.com-webp-to-png.png","contentUrl":"https:\/\/www.cubis.es\/wp-content\/uploads\/2019\/09\/ezgif.com-webp-to-png.png","width":239,"height":41,"caption":"SIGUERTA"},"image":{"@id":"https:\/\/www.cubis.es\/#\/schema\/logo\/image\/"}}]}},"_links":{"self":[{"href":"https:\/\/www.cubis.es\/ca\/wp-json\/wp\/v2\/product\/6599","targetHints":{"allow":["GET"]}}],"collection":[{"href":"https:\/\/www.cubis.es\/ca\/wp-json\/wp\/v2\/product"}],"about":[{"href":"https:\/\/www.cubis.es\/ca\/wp-json\/wp\/v2\/types\/product"}],"wp:featuredmedia":[{"embeddable":true,"href":"https:\/\/www.cubis.es\/ca\/wp-json\/wp\/v2\/media\/6600"}],"wp:attachment":[{"href":"https:\/\/www.cubis.es\/ca\/wp-json\/wp\/v2\/media?parent=6599"}],"wp:term":[{"taxonomy":"product_brand","embeddable":true,"href":"https:\/\/www.cubis.es\/ca\/wp-json\/wp\/v2\/product_brand?post=6599"},{"taxonomy":"product_cat","embeddable":true,"href":"https:\/\/www.cubis.es\/ca\/wp-json\/wp\/v2\/product_cat?post=6599"},{"taxonomy":"product_tag","embeddable":true,"href":"https:\/\/www.cubis.es\/ca\/wp-json\/wp\/v2\/product_tag?post=6599"}],"curies":[{"name":"wp","href":"https:\/\/api.w.org\/{rel}","templated":true}]}}