{"id":5295,"date":"2020-01-21T19:47:51","date_gmt":"2020-01-21T18:47:51","guid":{"rendered":"https:\/\/cubis.nivelz.com\/?post_type=product&#038;p=5295"},"modified":"2021-06-04T20:01:38","modified_gmt":"2021-06-04T18:01:38","slug":"papelera-reciclaje-1484-3r-p","status":"publish","type":"product","link":"https:\/\/www.cubis.es\/en\/producto\/papelera-reciclaje-1484-3r-p\/","title":{"rendered":"Papelera met\u00e1lica para reciclaje, de 2, 3 o 4 residuos 1484 3R P"},"content":{"rendered":"<p>Papelera met\u00e1lica para reciclaje, tapas del color del residuos, personalizable mediante rotulaci\u00f3n con vinilos de alta calidad. Sistema interior de aros para sujetar la bolsa. Indicada para zonas de paso, centros comerciales, colegios, universidades.<\/p>\n","protected":false},"excerpt":{"rendered":"<p><strong>Ref. 1484 3R<\/strong><br \/>\nDisponible para 2, 3 o 4 residuos.<br \/>\nCenicero integrado opcional.<\/p>\n<p><span style=\"color: #ff0000;\"><strong>FICHA TECNICA<\/strong><\/span><\/p>\n","protected":false},"featured_media":6974,"template":"","meta":[],"product_brand":[],"product_cat":[34],"product_tag":[144,138,137],"class_list":{"0":"post-5295","1":"product","2":"type-product","3":"status-publish","4":"has-post-thumbnail","6":"product_cat-papeleras-exterior","7":"product_tag-papelera-con-cenicero","8":"product_tag-papelera-exterior","9":"product_tag-papelera-metalica","11":"first","12":"instock","13":"shipping-taxable","14":"product-type-simple"},"yoast_head":"<!-- This site is optimized with the Yoast SEO plugin v26.6 - https:\/\/yoast.com\/wordpress\/plugins\/seo\/ -->\n<title>Papelera met\u00e1lica para reciclaje, de 2, 3 o 4 residuos 1484 3R P<\/title>\n<meta name=\"description\" content=\"Papelera met\u00e1lica para reciclaje, de 2, 3 o 4 residuos 1484 3R P, sistema interior para sujetar las bolsas\" \/>\n<meta name=\"robots\" content=\"index, follow, max-snippet:-1, max-image-preview:large, max-video-preview:-1\" \/>\n<link rel=\"canonical\" href=\"https:\/\/www.cubis.es\/producto\/papelera-reciclaje-1484-3r-p\/\" \/>\n<meta property=\"og:locale\" content=\"en_US\" \/>\n<meta property=\"og:type\" content=\"article\" \/>\n<meta property=\"og:title\" content=\"Papelera met\u00e1lica para reciclaje, de 2, 3 o 4 residuos 1484 3R P\" \/>\n<meta property=\"og:description\" content=\"Papelera met\u00e1lica para reciclaje, de 2, 3 o 4 residuos 1484 3R P, sistema interior para sujetar las bolsas\" \/>\n<meta property=\"og:url\" content=\"https:\/\/www.cubis.es\/producto\/papelera-reciclaje-1484-3r-p\/\" \/>\n<meta property=\"og:site_name\" content=\"Cubis\" \/>\n<meta property=\"article:modified_time\" content=\"2021-06-04T18:01:38+00:00\" \/>\n<meta property=\"og:image\" content=\"https:\/\/www.cubis.es\/wp-content\/uploads\/2020\/01\/Papelera-reciclaje-1484-3R-P-01.jpg\" \/>\n\t<meta property=\"og:image:width\" content=\"800\" \/>\n\t<meta property=\"og:image:height\" content=\"600\" \/>\n\t<meta property=\"og:image:type\" content=\"image\/jpeg\" \/>\n<meta name=\"twitter:card\" content=\"summary_large_image\" \/>\n<script type=\"application\/ld+json\" class=\"yoast-schema-graph\">{\"@context\":\"https:\/\/schema.org\",\"@graph\":[{\"@type\":\"WebPage\",\"@id\":\"https:\/\/www.cubis.es\/producto\/papelera-reciclaje-1484-3r-p\/\",\"url\":\"https:\/\/www.cubis.es\/producto\/papelera-reciclaje-1484-3r-p\/\",\"name\":\"Papelera met\u00e1lica para reciclaje, de 2, 3 o 4 residuos 1484 3R P\",\"isPartOf\":{\"@id\":\"https:\/\/www.cubis.es\/#website\"},\"primaryImageOfPage\":{\"@id\":\"https:\/\/www.cubis.es\/producto\/papelera-reciclaje-1484-3r-p\/#primaryimage\"},\"image\":{\"@id\":\"https:\/\/www.cubis.es\/producto\/papelera-reciclaje-1484-3r-p\/#primaryimage\"},\"thumbnailUrl\":\"https:\/\/www.cubis.es\/wp-content\/uploads\/2020\/01\/Papelera-reciclaje-1484-3R-P-01.jpg\",\"datePublished\":\"2020-01-21T18:47:51+00:00\",\"dateModified\":\"2021-06-04T18:01:38+00:00\",\"description\":\"Papelera met\u00e1lica para reciclaje, de 2, 3 o 4 residuos 1484 3R P, sistema interior para sujetar las bolsas\",\"breadcrumb\":{\"@id\":\"https:\/\/www.cubis.es\/producto\/papelera-reciclaje-1484-3r-p\/#breadcrumb\"},\"inLanguage\":\"en-US\",\"potentialAction\":[{\"@type\":\"ReadAction\",\"target\":[\"https:\/\/www.cubis.es\/producto\/papelera-reciclaje-1484-3r-p\/\"]}]},{\"@type\":\"ImageObject\",\"inLanguage\":\"en-US\",\"@id\":\"https:\/\/www.cubis.es\/producto\/papelera-reciclaje-1484-3r-p\/#primaryimage\",\"url\":\"https:\/\/www.cubis.es\/wp-content\/uploads\/2020\/01\/Papelera-reciclaje-1484-3R-P-01.jpg\",\"contentUrl\":\"https:\/\/www.cubis.es\/wp-content\/uploads\/2020\/01\/Papelera-reciclaje-1484-3R-P-01.jpg\",\"width\":800,\"height\":600,\"caption\":\"Papelera reciclaje\"},{\"@type\":\"BreadcrumbList\",\"@id\":\"https:\/\/www.cubis.es\/producto\/papelera-reciclaje-1484-3r-p\/#breadcrumb\",\"itemListElement\":[{\"@type\":\"ListItem\",\"position\":1,\"name\":\"Portada\",\"item\":\"https:\/\/www.cubis.es\/en\/\"},{\"@type\":\"ListItem\",\"position\":2,\"name\":\"Productes\",\"item\":\"https:\/\/www.cubis.es\/ca\/shop\/\"},{\"@type\":\"ListItem\",\"position\":3,\"name\":\"Papelera met\u00e1lica para reciclaje, de 2, 3 o 4 residuos 1484 3R P\"}]},{\"@type\":\"WebSite\",\"@id\":\"https:\/\/www.cubis.es\/#website\",\"url\":\"https:\/\/www.cubis.es\/\",\"name\":\"Cubis\",\"description\":\"Fabricantes desde 1955\",\"publisher\":{\"@id\":\"https:\/\/www.cubis.es\/#organization\"},\"potentialAction\":[{\"@type\":\"SearchAction\",\"target\":{\"@type\":\"EntryPoint\",\"urlTemplate\":\"https:\/\/www.cubis.es\/?s={search_term_string}\"},\"query-input\":{\"@type\":\"PropertyValueSpecification\",\"valueRequired\":true,\"valueName\":\"search_term_string\"}}],\"inLanguage\":\"en-US\"},{\"@type\":\"Organization\",\"@id\":\"https:\/\/www.cubis.es\/#organization\",\"name\":\"SIGUERTA\",\"url\":\"https:\/\/www.cubis.es\/\",\"logo\":{\"@type\":\"ImageObject\",\"inLanguage\":\"en-US\",\"@id\":\"https:\/\/www.cubis.es\/#\/schema\/logo\/image\/\",\"url\":\"https:\/\/www.cubis.es\/wp-content\/uploads\/2019\/09\/ezgif.com-webp-to-png.png\",\"contentUrl\":\"https:\/\/www.cubis.es\/wp-content\/uploads\/2019\/09\/ezgif.com-webp-to-png.png\",\"width\":239,\"height\":41,\"caption\":\"SIGUERTA\"},\"image\":{\"@id\":\"https:\/\/www.cubis.es\/#\/schema\/logo\/image\/\"}}]}<\/script>\n<!-- \/ Yoast SEO plugin. -->","yoast_head_json":{"title":"Papelera met\u00e1lica para reciclaje, de 2, 3 o 4 residuos 1484 3R P","description":"Papelera met\u00e1lica para reciclaje, de 2, 3 o 4 residuos 1484 3R P, sistema interior para sujetar las bolsas","robots":{"index":"index","follow":"follow","max-snippet":"max-snippet:-1","max-image-preview":"max-image-preview:large","max-video-preview":"max-video-preview:-1"},"canonical":"https:\/\/www.cubis.es\/producto\/papelera-reciclaje-1484-3r-p\/","og_locale":"en_US","og_type":"article","og_title":"Papelera met\u00e1lica para reciclaje, de 2, 3 o 4 residuos 1484 3R P","og_description":"Papelera met\u00e1lica para reciclaje, de 2, 3 o 4 residuos 1484 3R P, sistema interior para sujetar las bolsas","og_url":"https:\/\/www.cubis.es\/producto\/papelera-reciclaje-1484-3r-p\/","og_site_name":"Cubis","article_modified_time":"2021-06-04T18:01:38+00:00","og_image":[{"width":800,"height":600,"url":"https:\/\/www.cubis.es\/wp-content\/uploads\/2020\/01\/Papelera-reciclaje-1484-3R-P-01.jpg","type":"image\/jpeg"}],"twitter_card":"summary_large_image","schema":{"@context":"https:\/\/schema.org","@graph":[{"@type":"WebPage","@id":"https:\/\/www.cubis.es\/producto\/papelera-reciclaje-1484-3r-p\/","url":"https:\/\/www.cubis.es\/producto\/papelera-reciclaje-1484-3r-p\/","name":"Papelera met\u00e1lica para reciclaje, de 2, 3 o 4 residuos 1484 3R P","isPartOf":{"@id":"https:\/\/www.cubis.es\/#website"},"primaryImageOfPage":{"@id":"https:\/\/www.cubis.es\/producto\/papelera-reciclaje-1484-3r-p\/#primaryimage"},"image":{"@id":"https:\/\/www.cubis.es\/producto\/papelera-reciclaje-1484-3r-p\/#primaryimage"},"thumbnailUrl":"https:\/\/www.cubis.es\/wp-content\/uploads\/2020\/01\/Papelera-reciclaje-1484-3R-P-01.jpg","datePublished":"2020-01-21T18:47:51+00:00","dateModified":"2021-06-04T18:01:38+00:00","description":"Papelera met\u00e1lica para reciclaje, de 2, 3 o 4 residuos 1484 3R P, sistema interior para sujetar las bolsas","breadcrumb":{"@id":"https:\/\/www.cubis.es\/producto\/papelera-reciclaje-1484-3r-p\/#breadcrumb"},"inLanguage":"en-US","potentialAction":[{"@type":"ReadAction","target":["https:\/\/www.cubis.es\/producto\/papelera-reciclaje-1484-3r-p\/"]}]},{"@type":"ImageObject","inLanguage":"en-US","@id":"https:\/\/www.cubis.es\/producto\/papelera-reciclaje-1484-3r-p\/#primaryimage","url":"https:\/\/www.cubis.es\/wp-content\/uploads\/2020\/01\/Papelera-reciclaje-1484-3R-P-01.jpg","contentUrl":"https:\/\/www.cubis.es\/wp-content\/uploads\/2020\/01\/Papelera-reciclaje-1484-3R-P-01.jpg","width":800,"height":600,"caption":"Papelera reciclaje"},{"@type":"BreadcrumbList","@id":"https:\/\/www.cubis.es\/producto\/papelera-reciclaje-1484-3r-p\/#breadcrumb","itemListElement":[{"@type":"ListItem","position":1,"name":"Portada","item":"https:\/\/www.cubis.es\/en\/"},{"@type":"ListItem","position":2,"name":"Productes","item":"https:\/\/www.cubis.es\/ca\/shop\/"},{"@type":"ListItem","position":3,"name":"Papelera met\u00e1lica para reciclaje, de 2, 3 o 4 residuos 1484 3R P"}]},{"@type":"WebSite","@id":"https:\/\/www.cubis.es\/#website","url":"https:\/\/www.cubis.es\/","name":"Cubis","description":"Fabricantes desde 1955","publisher":{"@id":"https:\/\/www.cubis.es\/#organization"},"potentialAction":[{"@type":"SearchAction","target":{"@type":"EntryPoint","urlTemplate":"https:\/\/www.cubis.es\/?s={search_term_string}"},"query-input":{"@type":"PropertyValueSpecification","valueRequired":true,"valueName":"search_term_string"}}],"inLanguage":"en-US"},{"@type":"Organization","@id":"https:\/\/www.cubis.es\/#organization","name":"SIGUERTA","url":"https:\/\/www.cubis.es\/","logo":{"@type":"ImageObject","inLanguage":"en-US","@id":"https:\/\/www.cubis.es\/#\/schema\/logo\/image\/","url":"https:\/\/www.cubis.es\/wp-content\/uploads\/2019\/09\/ezgif.com-webp-to-png.png","contentUrl":"https:\/\/www.cubis.es\/wp-content\/uploads\/2019\/09\/ezgif.com-webp-to-png.png","width":239,"height":41,"caption":"SIGUERTA"},"image":{"@id":"https:\/\/www.cubis.es\/#\/schema\/logo\/image\/"}}]}},"_links":{"self":[{"href":"https:\/\/www.cubis.es\/en\/wp-json\/wp\/v2\/product\/5295","targetHints":{"allow":["GET"]}}],"collection":[{"href":"https:\/\/www.cubis.es\/en\/wp-json\/wp\/v2\/product"}],"about":[{"href":"https:\/\/www.cubis.es\/en\/wp-json\/wp\/v2\/types\/product"}],"wp:featuredmedia":[{"embeddable":true,"href":"https:\/\/www.cubis.es\/en\/wp-json\/wp\/v2\/media\/6974"}],"wp:attachment":[{"href":"https:\/\/www.cubis.es\/en\/wp-json\/wp\/v2\/media?parent=5295"}],"wp:term":[{"taxonomy":"product_brand","embeddable":true,"href":"https:\/\/www.cubis.es\/en\/wp-json\/wp\/v2\/product_brand?post=5295"},{"taxonomy":"product_cat","embeddable":true,"href":"https:\/\/www.cubis.es\/en\/wp-json\/wp\/v2\/product_cat?post=5295"},{"taxonomy":"product_tag","embeddable":true,"href":"https:\/\/www.cubis.es\/en\/wp-json\/wp\/v2\/product_tag?post=5295"}],"curies":[{"name":"wp","href":"https:\/\/api.w.org\/{rel}","templated":true}]}}