{"id":6500,"date":"2020-05-07T19:53:42","date_gmt":"2020-05-07T17:53:42","guid":{"rendered":"https:\/\/www.cubis.es\/?post_type=product&#038;p=6500"},"modified":"2021-10-12T19:00:55","modified_gmt":"2021-10-12T17:00:55","slug":"dispensador-de-gel-hidroalcoholico","status":"publish","type":"product","link":"https:\/\/www.cubis.es\/en\/producto\/dispensador-de-gel-hidroalcoholico\/","title":{"rendered":"Dispensador de gel hidroalcoh\u00f3lico"},"content":{"rendered":"<p><a href=\"https:\/\/www.cubis.es\/wp-content\/uploads\/2021\/04\/Cenicero-de-Pie-INOX-cod-60114.pdf\" target=\"_blank\" rel=\"noopener\"><strong>Dispensador de gel hidroalcoh\u00f3lico<\/strong>\u00a0 Producto COVID19 REF.: 3311<\/a><\/p>\n<p>Accionado por pedal, capacidad 10 litros, puertas frontal con llave, fabricado en acero inoxidable.<\/p>\n<p><strong>Indicado para: <\/strong>\u00a0Hospitales y consultorios m\u00e9dicos,\u00a0 empresas, vestuarios, recepci\u00f3n, edificios p\u00fablicos, hosteler\u00eda, \u00a0colegios y universidades,\u00a0 aeropuertos, comercios y grandes superficies.<\/p>\n<p><strong>Comodo e higienico:<\/strong> Dispone de un pedal amplio y totalmente integrado en la unidad, cuando se acciona el pedal proporciona una dosis para la limpieza y desinfecci\u00f3n de las manos, adem\u00e1s incorpora una bandeja que recoge el gel que puedan caer, evitando que caigan al suelo y ocasione un peligro para los usuarios.<\/p>\n<p><strong>Capacidad: <\/strong>En su interior el dispensador de gel hidroalcoh\u00f3lico tiene capacidad para dos garrafas de 5 litros.<\/p>\n<p><strong>Carga: <\/strong>Se accede por una puerta frontal con llave de seguridad, sustituyendo las garrafas directamente.<\/p>\n","protected":false},"excerpt":{"rendered":"<p><strong>Dispensador de gel hidroalcoh\u00f3lico con pedal Ref: 3311<\/strong><\/p>\n<p><strong>FICHA T\u00c9CNICA<\/strong><\/p>\n<p>Fabricado en acero inoxidable<\/p>\n","protected":false},"featured_media":6527,"template":"","meta":[],"product_brand":[],"product_cat":[68],"product_tag":[134,135,136],"class_list":{"0":"post-6500","1":"product","2":"type-product","3":"status-publish","4":"has-post-thumbnail","6":"product_cat-higiene-industrial","7":"product_tag-dispensador-de-gel-hidroalcoholico","8":"product_tag-gel","9":"product_tag-hidroalcoholico","11":"first","12":"instock","13":"shipping-taxable","14":"product-type-simple"},"yoast_head":"<!-- This site is optimized with the Yoast SEO plugin v26.6 - https:\/\/yoast.com\/wordpress\/plugins\/seo\/ -->\n<title>Dispensador de gel hidroalcoh\u00f3lico \/ desinfecci\u00f3n de manos<\/title>\n<meta name=\"description\" content=\"Dispensador de gel hidroalcoh\u00f3lico, para desinfecci\u00f3n de manos, accionado mediante pedal, capacidad 2 garrafas de 5 litros.\" \/>\n<meta name=\"robots\" content=\"index, follow, max-snippet:-1, max-image-preview:large, max-video-preview:-1\" \/>\n<link rel=\"canonical\" href=\"https:\/\/www.cubis.es\/producto\/dispensador-de-gel-hidroalcoholico\/\" \/>\n<meta property=\"og:locale\" content=\"en_US\" \/>\n<meta property=\"og:type\" content=\"article\" \/>\n<meta property=\"og:title\" content=\"Dispensador de gel hidroalcoh\u00f3lico \/ desinfecci\u00f3n de manos\" \/>\n<meta property=\"og:description\" content=\"Dispensador de gel hidroalcoh\u00f3lico, para desinfecci\u00f3n de manos, accionado mediante pedal, capacidad 2 garrafas de 5 litros.\" \/>\n<meta property=\"og:url\" content=\"https:\/\/www.cubis.es\/producto\/dispensador-de-gel-hidroalcoholico\/\" \/>\n<meta property=\"og:site_name\" content=\"Cubis\" \/>\n<meta property=\"article:modified_time\" content=\"2021-10-12T17:00:55+00:00\" \/>\n<meta property=\"og:image\" content=\"https:\/\/www.cubis.es\/wp-content\/uploads\/2020\/11\/Dispensador-de-gel-hidroalcoh\u00f3lico.jpg\" \/>\n\t<meta property=\"og:image:width\" content=\"800\" \/>\n\t<meta property=\"og:image:height\" content=\"600\" \/>\n\t<meta property=\"og:image:type\" content=\"image\/jpeg\" \/>\n<meta name=\"twitter:card\" content=\"summary_large_image\" \/>\n<meta name=\"twitter:label1\" content=\"Est. reading time\" \/>\n\t<meta name=\"twitter:data1\" content=\"1 minute\" \/>\n<script type=\"application\/ld+json\" class=\"yoast-schema-graph\">{\"@context\":\"https:\/\/schema.org\",\"@graph\":[{\"@type\":\"WebPage\",\"@id\":\"https:\/\/www.cubis.es\/producto\/dispensador-de-gel-hidroalcoholico\/\",\"url\":\"https:\/\/www.cubis.es\/producto\/dispensador-de-gel-hidroalcoholico\/\",\"name\":\"Dispensador de gel hidroalcoh\u00f3lico \/ desinfecci\u00f3n de manos\",\"isPartOf\":{\"@id\":\"https:\/\/www.cubis.es\/#website\"},\"primaryImageOfPage\":{\"@id\":\"https:\/\/www.cubis.es\/producto\/dispensador-de-gel-hidroalcoholico\/#primaryimage\"},\"image\":{\"@id\":\"https:\/\/www.cubis.es\/producto\/dispensador-de-gel-hidroalcoholico\/#primaryimage\"},\"thumbnailUrl\":\"https:\/\/www.cubis.es\/wp-content\/uploads\/2020\/11\/Dispensador-de-gel-hidroalcoh\u00f3lico.jpg\",\"datePublished\":\"2020-05-07T17:53:42+00:00\",\"dateModified\":\"2021-10-12T17:00:55+00:00\",\"description\":\"Dispensador de gel hidroalcoh\u00f3lico, para desinfecci\u00f3n de manos, accionado mediante pedal, capacidad 2 garrafas de 5 litros.\",\"breadcrumb\":{\"@id\":\"https:\/\/www.cubis.es\/producto\/dispensador-de-gel-hidroalcoholico\/#breadcrumb\"},\"inLanguage\":\"en-US\",\"potentialAction\":[{\"@type\":\"ReadAction\",\"target\":[\"https:\/\/www.cubis.es\/producto\/dispensador-de-gel-hidroalcoholico\/\"]}]},{\"@type\":\"ImageObject\",\"inLanguage\":\"en-US\",\"@id\":\"https:\/\/www.cubis.es\/producto\/dispensador-de-gel-hidroalcoholico\/#primaryimage\",\"url\":\"https:\/\/www.cubis.es\/wp-content\/uploads\/2020\/11\/Dispensador-de-gel-hidroalcoh\u00f3lico.jpg\",\"contentUrl\":\"https:\/\/www.cubis.es\/wp-content\/uploads\/2020\/11\/Dispensador-de-gel-hidroalcoh\u00f3lico.jpg\",\"width\":800,\"height\":600,\"caption\":\"dispensador de gel hidroalcoh\u00f3lico, fabricado en acero inoxidable\"},{\"@type\":\"BreadcrumbList\",\"@id\":\"https:\/\/www.cubis.es\/producto\/dispensador-de-gel-hidroalcoholico\/#breadcrumb\",\"itemListElement\":[{\"@type\":\"ListItem\",\"position\":1,\"name\":\"Portada\",\"item\":\"https:\/\/www.cubis.es\/en\/\"},{\"@type\":\"ListItem\",\"position\":2,\"name\":\"Productes\",\"item\":\"https:\/\/www.cubis.es\/ca\/shop\/\"},{\"@type\":\"ListItem\",\"position\":3,\"name\":\"Dispensador de gel hidroalcoh\u00f3lico\"}]},{\"@type\":\"WebSite\",\"@id\":\"https:\/\/www.cubis.es\/#website\",\"url\":\"https:\/\/www.cubis.es\/\",\"name\":\"Cubis\",\"description\":\"Fabricantes desde 1955\",\"publisher\":{\"@id\":\"https:\/\/www.cubis.es\/#organization\"},\"potentialAction\":[{\"@type\":\"SearchAction\",\"target\":{\"@type\":\"EntryPoint\",\"urlTemplate\":\"https:\/\/www.cubis.es\/?s={search_term_string}\"},\"query-input\":{\"@type\":\"PropertyValueSpecification\",\"valueRequired\":true,\"valueName\":\"search_term_string\"}}],\"inLanguage\":\"en-US\"},{\"@type\":\"Organization\",\"@id\":\"https:\/\/www.cubis.es\/#organization\",\"name\":\"SIGUERTA\",\"url\":\"https:\/\/www.cubis.es\/\",\"logo\":{\"@type\":\"ImageObject\",\"inLanguage\":\"en-US\",\"@id\":\"https:\/\/www.cubis.es\/#\/schema\/logo\/image\/\",\"url\":\"https:\/\/www.cubis.es\/wp-content\/uploads\/2019\/09\/ezgif.com-webp-to-png.png\",\"contentUrl\":\"https:\/\/www.cubis.es\/wp-content\/uploads\/2019\/09\/ezgif.com-webp-to-png.png\",\"width\":239,\"height\":41,\"caption\":\"SIGUERTA\"},\"image\":{\"@id\":\"https:\/\/www.cubis.es\/#\/schema\/logo\/image\/\"}}]}<\/script>\n<!-- \/ Yoast SEO plugin. -->","yoast_head_json":{"title":"Dispensador de gel hidroalcoh\u00f3lico \/ desinfecci\u00f3n de manos","description":"Dispensador de gel hidroalcoh\u00f3lico, para desinfecci\u00f3n de manos, accionado mediante pedal, capacidad 2 garrafas de 5 litros.","robots":{"index":"index","follow":"follow","max-snippet":"max-snippet:-1","max-image-preview":"max-image-preview:large","max-video-preview":"max-video-preview:-1"},"canonical":"https:\/\/www.cubis.es\/producto\/dispensador-de-gel-hidroalcoholico\/","og_locale":"en_US","og_type":"article","og_title":"Dispensador de gel hidroalcoh\u00f3lico \/ desinfecci\u00f3n de manos","og_description":"Dispensador de gel hidroalcoh\u00f3lico, para desinfecci\u00f3n de manos, accionado mediante pedal, capacidad 2 garrafas de 5 litros.","og_url":"https:\/\/www.cubis.es\/producto\/dispensador-de-gel-hidroalcoholico\/","og_site_name":"Cubis","article_modified_time":"2021-10-12T17:00:55+00:00","og_image":[{"width":800,"height":600,"url":"https:\/\/www.cubis.es\/wp-content\/uploads\/2020\/11\/Dispensador-de-gel-hidroalcoh\u00f3lico.jpg","type":"image\/jpeg"}],"twitter_card":"summary_large_image","twitter_misc":{"Est. reading time":"1 minute"},"schema":{"@context":"https:\/\/schema.org","@graph":[{"@type":"WebPage","@id":"https:\/\/www.cubis.es\/producto\/dispensador-de-gel-hidroalcoholico\/","url":"https:\/\/www.cubis.es\/producto\/dispensador-de-gel-hidroalcoholico\/","name":"Dispensador de gel hidroalcoh\u00f3lico \/ desinfecci\u00f3n de manos","isPartOf":{"@id":"https:\/\/www.cubis.es\/#website"},"primaryImageOfPage":{"@id":"https:\/\/www.cubis.es\/producto\/dispensador-de-gel-hidroalcoholico\/#primaryimage"},"image":{"@id":"https:\/\/www.cubis.es\/producto\/dispensador-de-gel-hidroalcoholico\/#primaryimage"},"thumbnailUrl":"https:\/\/www.cubis.es\/wp-content\/uploads\/2020\/11\/Dispensador-de-gel-hidroalcoh\u00f3lico.jpg","datePublished":"2020-05-07T17:53:42+00:00","dateModified":"2021-10-12T17:00:55+00:00","description":"Dispensador de gel hidroalcoh\u00f3lico, para desinfecci\u00f3n de manos, accionado mediante pedal, capacidad 2 garrafas de 5 litros.","breadcrumb":{"@id":"https:\/\/www.cubis.es\/producto\/dispensador-de-gel-hidroalcoholico\/#breadcrumb"},"inLanguage":"en-US","potentialAction":[{"@type":"ReadAction","target":["https:\/\/www.cubis.es\/producto\/dispensador-de-gel-hidroalcoholico\/"]}]},{"@type":"ImageObject","inLanguage":"en-US","@id":"https:\/\/www.cubis.es\/producto\/dispensador-de-gel-hidroalcoholico\/#primaryimage","url":"https:\/\/www.cubis.es\/wp-content\/uploads\/2020\/11\/Dispensador-de-gel-hidroalcoh\u00f3lico.jpg","contentUrl":"https:\/\/www.cubis.es\/wp-content\/uploads\/2020\/11\/Dispensador-de-gel-hidroalcoh\u00f3lico.jpg","width":800,"height":600,"caption":"dispensador de gel hidroalcoh\u00f3lico, fabricado en acero inoxidable"},{"@type":"BreadcrumbList","@id":"https:\/\/www.cubis.es\/producto\/dispensador-de-gel-hidroalcoholico\/#breadcrumb","itemListElement":[{"@type":"ListItem","position":1,"name":"Portada","item":"https:\/\/www.cubis.es\/en\/"},{"@type":"ListItem","position":2,"name":"Productes","item":"https:\/\/www.cubis.es\/ca\/shop\/"},{"@type":"ListItem","position":3,"name":"Dispensador de gel hidroalcoh\u00f3lico"}]},{"@type":"WebSite","@id":"https:\/\/www.cubis.es\/#website","url":"https:\/\/www.cubis.es\/","name":"Cubis","description":"Fabricantes desde 1955","publisher":{"@id":"https:\/\/www.cubis.es\/#organization"},"potentialAction":[{"@type":"SearchAction","target":{"@type":"EntryPoint","urlTemplate":"https:\/\/www.cubis.es\/?s={search_term_string}"},"query-input":{"@type":"PropertyValueSpecification","valueRequired":true,"valueName":"search_term_string"}}],"inLanguage":"en-US"},{"@type":"Organization","@id":"https:\/\/www.cubis.es\/#organization","name":"SIGUERTA","url":"https:\/\/www.cubis.es\/","logo":{"@type":"ImageObject","inLanguage":"en-US","@id":"https:\/\/www.cubis.es\/#\/schema\/logo\/image\/","url":"https:\/\/www.cubis.es\/wp-content\/uploads\/2019\/09\/ezgif.com-webp-to-png.png","contentUrl":"https:\/\/www.cubis.es\/wp-content\/uploads\/2019\/09\/ezgif.com-webp-to-png.png","width":239,"height":41,"caption":"SIGUERTA"},"image":{"@id":"https:\/\/www.cubis.es\/#\/schema\/logo\/image\/"}}]}},"_links":{"self":[{"href":"https:\/\/www.cubis.es\/en\/wp-json\/wp\/v2\/product\/6500","targetHints":{"allow":["GET"]}}],"collection":[{"href":"https:\/\/www.cubis.es\/en\/wp-json\/wp\/v2\/product"}],"about":[{"href":"https:\/\/www.cubis.es\/en\/wp-json\/wp\/v2\/types\/product"}],"wp:featuredmedia":[{"embeddable":true,"href":"https:\/\/www.cubis.es\/en\/wp-json\/wp\/v2\/media\/6527"}],"wp:attachment":[{"href":"https:\/\/www.cubis.es\/en\/wp-json\/wp\/v2\/media?parent=6500"}],"wp:term":[{"taxonomy":"product_brand","embeddable":true,"href":"https:\/\/www.cubis.es\/en\/wp-json\/wp\/v2\/product_brand?post=6500"},{"taxonomy":"product_cat","embeddable":true,"href":"https:\/\/www.cubis.es\/en\/wp-json\/wp\/v2\/product_cat?post=6500"},{"taxonomy":"product_tag","embeddable":true,"href":"https:\/\/www.cubis.es\/en\/wp-json\/wp\/v2\/product_tag?post=6500"}],"curies":[{"name":"wp","href":"https:\/\/api.w.org\/{rel}","templated":true}]}}