{"id":6559,"date":"2020-12-12T16:50:27","date_gmt":"2020-12-12T15:50:27","guid":{"rendered":"https:\/\/www.cubis.es\/?post_type=product&#038;p=6559"},"modified":"2021-05-02T13:51:47","modified_gmt":"2021-05-02T11:51:47","slug":"cenicero-papelera-de-pie","status":"publish","type":"product","link":"https:\/\/www.cubis.es\/en\/producto\/cenicero-papelera-de-pie\/","title":{"rendered":"Cenicero papelera de pie 2 L \/ 8 L"},"content":{"rendered":"<p>Desarrollado para evitar la filtraci\u00f3n de agua de lluvia, fabricado con acero galvanizado robusto con acabado epoxi UV y equipado con un embudo interno para apagar r\u00e1pidamente las emisiones de humo.\u00a0Montaje r\u00e1pido y f\u00e1cil, incluye kit de fijaci\u00f3n al suelo.<br \/>\nF\u00e1cil mantenimiento, incluye cerradura con llave y aplastacolillas de acero inoxidable. Acceso por ambos lados al cenicero y a la papelera. Cubetas internas extra\u00edbles para un vaciado limpio y r\u00e1pido.<\/p>\n<p>&nbsp;<\/p>\n<p>&nbsp;<\/p>\n","protected":false},"excerpt":{"rendered":"<p><strong><a href=\"https:\/\/www.cubis.es\/wp-content\/uploads\/2021\/04\/Cenicero-papelera-745GA-60102.pdf\" target=\"_blank\" rel=\"noopener\"><span style=\"color: #ff0000;\">Ficha t\u00e9cnica<\/span><\/a><br \/>\nREF: 745 CODIGO: 60102<br \/>\n<\/strong>Indicado para su uso como cenicero y papelera en \u00e1reas de mucho tr\u00e1fico<br \/>\nColor Gris Antracita<br \/>\nDimensiones (en cm) 104 (alto) x 26 (ancho) x 40 (profundidad)<br \/>\nPeso\u00a0 16.2 kilogramos<br \/>\nMaterial acero galvanizado, acabado pintura epoxi secada al horno<\/p>\n","protected":false},"featured_media":6584,"template":"","meta":[],"product_brand":[],"product_cat":[73],"product_tag":[146,157],"class_list":{"0":"post-6559","1":"product","2":"type-product","3":"status-publish","4":"has-post-thumbnail","6":"product_cat-ceniceros-de-pie","7":"product_tag-cenicero-papelera-exterior","8":"product_tag-papelera-cenicero","10":"first","11":"outofstock","12":"shipping-taxable","13":"product-type-simple"},"yoast_head":"<!-- This site is optimized with the Yoast SEO plugin v26.6 - https:\/\/yoast.com\/wordpress\/plugins\/seo\/ -->\n<title>Cenicero papelera de pie 2 y 8 litros de capacidad color: gris antracita<\/title>\n<meta name=\"description\" content=\"Cenicero papelera de pie 2 y 8 litros de capacidad color: gris antracita, indicado para exterior, cubetas interiores\" \/>\n<meta name=\"robots\" content=\"index, follow, max-snippet:-1, max-image-preview:large, max-video-preview:-1\" \/>\n<link rel=\"canonical\" href=\"https:\/\/www.cubis.es\/producto\/cenicero-papelera-de-pie\/\" \/>\n<meta property=\"og:locale\" content=\"en_US\" \/>\n<meta property=\"og:type\" content=\"article\" \/>\n<meta property=\"og:title\" content=\"Cenicero papelera de pie 2 y 8 litros de capacidad color: gris antracita\" \/>\n<meta property=\"og:description\" content=\"Cenicero papelera de pie 2 y 8 litros de capacidad color: gris antracita, indicado para exterior, cubetas interiores\" \/>\n<meta property=\"og:url\" content=\"https:\/\/www.cubis.es\/producto\/cenicero-papelera-de-pie\/\" \/>\n<meta property=\"og:site_name\" content=\"Cubis\" \/>\n<meta property=\"article:modified_time\" content=\"2021-05-02T11:51:47+00:00\" \/>\n<meta property=\"og:image\" content=\"https:\/\/www.cubis.es\/wp-content\/uploads\/2020\/12\/Cenicero-papelera-de-pie-2L-8L-gris-antracita-60102-1.jpg\" \/>\n\t<meta property=\"og:image:width\" content=\"800\" \/>\n\t<meta property=\"og:image:height\" content=\"600\" \/>\n\t<meta property=\"og:image:type\" content=\"image\/jpeg\" \/>\n<meta name=\"twitter:card\" content=\"summary_large_image\" \/>\n<script type=\"application\/ld+json\" class=\"yoast-schema-graph\">{\"@context\":\"https:\/\/schema.org\",\"@graph\":[{\"@type\":\"WebPage\",\"@id\":\"https:\/\/www.cubis.es\/producto\/cenicero-papelera-de-pie\/\",\"url\":\"https:\/\/www.cubis.es\/producto\/cenicero-papelera-de-pie\/\",\"name\":\"Cenicero papelera de pie 2 y 8 litros de capacidad color: gris antracita\",\"isPartOf\":{\"@id\":\"https:\/\/www.cubis.es\/#website\"},\"primaryImageOfPage\":{\"@id\":\"https:\/\/www.cubis.es\/producto\/cenicero-papelera-de-pie\/#primaryimage\"},\"image\":{\"@id\":\"https:\/\/www.cubis.es\/producto\/cenicero-papelera-de-pie\/#primaryimage\"},\"thumbnailUrl\":\"https:\/\/www.cubis.es\/wp-content\/uploads\/2020\/12\/Cenicero-papelera-de-pie-2L-8L-gris-antracita-60102-1.jpg\",\"datePublished\":\"2020-12-12T15:50:27+00:00\",\"dateModified\":\"2021-05-02T11:51:47+00:00\",\"description\":\"Cenicero papelera de pie 2 y 8 litros de capacidad color: gris antracita, indicado para exterior, cubetas interiores\",\"breadcrumb\":{\"@id\":\"https:\/\/www.cubis.es\/producto\/cenicero-papelera-de-pie\/#breadcrumb\"},\"inLanguage\":\"en-US\",\"potentialAction\":[{\"@type\":\"ReadAction\",\"target\":[\"https:\/\/www.cubis.es\/producto\/cenicero-papelera-de-pie\/\"]}]},{\"@type\":\"ImageObject\",\"inLanguage\":\"en-US\",\"@id\":\"https:\/\/www.cubis.es\/producto\/cenicero-papelera-de-pie\/#primaryimage\",\"url\":\"https:\/\/www.cubis.es\/wp-content\/uploads\/2020\/12\/Cenicero-papelera-de-pie-2L-8L-gris-antracita-60102-1.jpg\",\"contentUrl\":\"https:\/\/www.cubis.es\/wp-content\/uploads\/2020\/12\/Cenicero-papelera-de-pie-2L-8L-gris-antracita-60102-1.jpg\",\"width\":800,\"height\":600,\"caption\":\"Cenicero papelera\"},{\"@type\":\"BreadcrumbList\",\"@id\":\"https:\/\/www.cubis.es\/producto\/cenicero-papelera-de-pie\/#breadcrumb\",\"itemListElement\":[{\"@type\":\"ListItem\",\"position\":1,\"name\":\"Portada\",\"item\":\"https:\/\/www.cubis.es\/en\/\"},{\"@type\":\"ListItem\",\"position\":2,\"name\":\"Productes\",\"item\":\"https:\/\/www.cubis.es\/ca\/shop\/\"},{\"@type\":\"ListItem\",\"position\":3,\"name\":\"Cenicero papelera de pie 2 L \/ 8 L\"}]},{\"@type\":\"WebSite\",\"@id\":\"https:\/\/www.cubis.es\/#website\",\"url\":\"https:\/\/www.cubis.es\/\",\"name\":\"Cubis\",\"description\":\"Fabricantes desde 1955\",\"publisher\":{\"@id\":\"https:\/\/www.cubis.es\/#organization\"},\"potentialAction\":[{\"@type\":\"SearchAction\",\"target\":{\"@type\":\"EntryPoint\",\"urlTemplate\":\"https:\/\/www.cubis.es\/?s={search_term_string}\"},\"query-input\":{\"@type\":\"PropertyValueSpecification\",\"valueRequired\":true,\"valueName\":\"search_term_string\"}}],\"inLanguage\":\"en-US\"},{\"@type\":\"Organization\",\"@id\":\"https:\/\/www.cubis.es\/#organization\",\"name\":\"SIGUERTA\",\"url\":\"https:\/\/www.cubis.es\/\",\"logo\":{\"@type\":\"ImageObject\",\"inLanguage\":\"en-US\",\"@id\":\"https:\/\/www.cubis.es\/#\/schema\/logo\/image\/\",\"url\":\"https:\/\/www.cubis.es\/wp-content\/uploads\/2019\/09\/ezgif.com-webp-to-png.png\",\"contentUrl\":\"https:\/\/www.cubis.es\/wp-content\/uploads\/2019\/09\/ezgif.com-webp-to-png.png\",\"width\":239,\"height\":41,\"caption\":\"SIGUERTA\"},\"image\":{\"@id\":\"https:\/\/www.cubis.es\/#\/schema\/logo\/image\/\"}}]}<\/script>\n<!-- \/ Yoast SEO plugin. -->","yoast_head_json":{"title":"Cenicero papelera de pie 2 y 8 litros de capacidad color: gris antracita","description":"Cenicero papelera de pie 2 y 8 litros de capacidad color: gris antracita, indicado para exterior, cubetas interiores","robots":{"index":"index","follow":"follow","max-snippet":"max-snippet:-1","max-image-preview":"max-image-preview:large","max-video-preview":"max-video-preview:-1"},"canonical":"https:\/\/www.cubis.es\/producto\/cenicero-papelera-de-pie\/","og_locale":"en_US","og_type":"article","og_title":"Cenicero papelera de pie 2 y 8 litros de capacidad color: gris antracita","og_description":"Cenicero papelera de pie 2 y 8 litros de capacidad color: gris antracita, indicado para exterior, cubetas interiores","og_url":"https:\/\/www.cubis.es\/producto\/cenicero-papelera-de-pie\/","og_site_name":"Cubis","article_modified_time":"2021-05-02T11:51:47+00:00","og_image":[{"width":800,"height":600,"url":"https:\/\/www.cubis.es\/wp-content\/uploads\/2020\/12\/Cenicero-papelera-de-pie-2L-8L-gris-antracita-60102-1.jpg","type":"image\/jpeg"}],"twitter_card":"summary_large_image","schema":{"@context":"https:\/\/schema.org","@graph":[{"@type":"WebPage","@id":"https:\/\/www.cubis.es\/producto\/cenicero-papelera-de-pie\/","url":"https:\/\/www.cubis.es\/producto\/cenicero-papelera-de-pie\/","name":"Cenicero papelera de pie 2 y 8 litros de capacidad color: gris antracita","isPartOf":{"@id":"https:\/\/www.cubis.es\/#website"},"primaryImageOfPage":{"@id":"https:\/\/www.cubis.es\/producto\/cenicero-papelera-de-pie\/#primaryimage"},"image":{"@id":"https:\/\/www.cubis.es\/producto\/cenicero-papelera-de-pie\/#primaryimage"},"thumbnailUrl":"https:\/\/www.cubis.es\/wp-content\/uploads\/2020\/12\/Cenicero-papelera-de-pie-2L-8L-gris-antracita-60102-1.jpg","datePublished":"2020-12-12T15:50:27+00:00","dateModified":"2021-05-02T11:51:47+00:00","description":"Cenicero papelera de pie 2 y 8 litros de capacidad color: gris antracita, indicado para exterior, cubetas interiores","breadcrumb":{"@id":"https:\/\/www.cubis.es\/producto\/cenicero-papelera-de-pie\/#breadcrumb"},"inLanguage":"en-US","potentialAction":[{"@type":"ReadAction","target":["https:\/\/www.cubis.es\/producto\/cenicero-papelera-de-pie\/"]}]},{"@type":"ImageObject","inLanguage":"en-US","@id":"https:\/\/www.cubis.es\/producto\/cenicero-papelera-de-pie\/#primaryimage","url":"https:\/\/www.cubis.es\/wp-content\/uploads\/2020\/12\/Cenicero-papelera-de-pie-2L-8L-gris-antracita-60102-1.jpg","contentUrl":"https:\/\/www.cubis.es\/wp-content\/uploads\/2020\/12\/Cenicero-papelera-de-pie-2L-8L-gris-antracita-60102-1.jpg","width":800,"height":600,"caption":"Cenicero papelera"},{"@type":"BreadcrumbList","@id":"https:\/\/www.cubis.es\/producto\/cenicero-papelera-de-pie\/#breadcrumb","itemListElement":[{"@type":"ListItem","position":1,"name":"Portada","item":"https:\/\/www.cubis.es\/en\/"},{"@type":"ListItem","position":2,"name":"Productes","item":"https:\/\/www.cubis.es\/ca\/shop\/"},{"@type":"ListItem","position":3,"name":"Cenicero papelera de pie 2 L \/ 8 L"}]},{"@type":"WebSite","@id":"https:\/\/www.cubis.es\/#website","url":"https:\/\/www.cubis.es\/","name":"Cubis","description":"Fabricantes desde 1955","publisher":{"@id":"https:\/\/www.cubis.es\/#organization"},"potentialAction":[{"@type":"SearchAction","target":{"@type":"EntryPoint","urlTemplate":"https:\/\/www.cubis.es\/?s={search_term_string}"},"query-input":{"@type":"PropertyValueSpecification","valueRequired":true,"valueName":"search_term_string"}}],"inLanguage":"en-US"},{"@type":"Organization","@id":"https:\/\/www.cubis.es\/#organization","name":"SIGUERTA","url":"https:\/\/www.cubis.es\/","logo":{"@type":"ImageObject","inLanguage":"en-US","@id":"https:\/\/www.cubis.es\/#\/schema\/logo\/image\/","url":"https:\/\/www.cubis.es\/wp-content\/uploads\/2019\/09\/ezgif.com-webp-to-png.png","contentUrl":"https:\/\/www.cubis.es\/wp-content\/uploads\/2019\/09\/ezgif.com-webp-to-png.png","width":239,"height":41,"caption":"SIGUERTA"},"image":{"@id":"https:\/\/www.cubis.es\/#\/schema\/logo\/image\/"}}]}},"_links":{"self":[{"href":"https:\/\/www.cubis.es\/en\/wp-json\/wp\/v2\/product\/6559","targetHints":{"allow":["GET"]}}],"collection":[{"href":"https:\/\/www.cubis.es\/en\/wp-json\/wp\/v2\/product"}],"about":[{"href":"https:\/\/www.cubis.es\/en\/wp-json\/wp\/v2\/types\/product"}],"wp:featuredmedia":[{"embeddable":true,"href":"https:\/\/www.cubis.es\/en\/wp-json\/wp\/v2\/media\/6584"}],"wp:attachment":[{"href":"https:\/\/www.cubis.es\/en\/wp-json\/wp\/v2\/media?parent=6559"}],"wp:term":[{"taxonomy":"product_brand","embeddable":true,"href":"https:\/\/www.cubis.es\/en\/wp-json\/wp\/v2\/product_brand?post=6559"},{"taxonomy":"product_cat","embeddable":true,"href":"https:\/\/www.cubis.es\/en\/wp-json\/wp\/v2\/product_cat?post=6559"},{"taxonomy":"product_tag","embeddable":true,"href":"https:\/\/www.cubis.es\/en\/wp-json\/wp\/v2\/product_tag?post=6559"}],"curies":[{"name":"wp","href":"https:\/\/api.w.org\/{rel}","templated":true}]}}