{"id":6591,"date":"2020-12-13T09:47:19","date_gmt":"2020-12-13T08:47:19","guid":{"rendered":"https:\/\/www.cubis.es\/?post_type=product&#038;p=6591"},"modified":"2021-04-25T20:15:01","modified_gmt":"2021-04-25T18:15:01","slug":"cenicero-mural-3-litros","status":"publish","type":"product","link":"https:\/\/www.cubis.es\/en\/producto\/cenicero-mural-3-litros\/","title":{"rendered":"Cenicero mural 3 litros"},"content":{"rendered":"<ul>\n<li>Cenicero mural para exterior que combina la est\u00e9tica, robustez, eficiencia y facilidad de mantenimiento.<\/li>\n<li>Anti-humo: Dise\u00f1o con embudo que limita las emisiones de humo cuando se tira una colilla mal apagada.<\/li>\n<li>Materiales resistentes a la oxidaci\u00f3n: acero galvanizado con revestimiento epoxi. Tornillos de acero inoxidable, cerradura y placa aplasta colillas de acero inoxidable.<\/li>\n<li>Colores estables: tratamiento anti-UV para un color estable en el tiempo.<\/li>\n<li>Evacuaci\u00f3n de agua de lluvia a trav\u00e9s de un desag\u00fce integrado.<\/li>\n<li>Facilidad de uso: bordes redondeados para mayor seguridad, contenedor interior de chapa galvanizada extra\u00edble para un mantenimiento r\u00e1pido y sencillo.<\/li>\n<li>Listo para instalar: el cenicero se entrega ensamblado con un contenedor interior galvanizado extra\u00edble, una llave de bloqueo, una plantilla de montaje en la pared y un kit de herrajes.<\/li>\n<\/ul>\n<ul>\n<li><strong> Informaci\u00f3n t\u00e9cnica<\/strong><\/li>\n<\/ul>\n<p>Color Antracita \/ Gris<\/p>\n<p>Dimensiones (en cm) 35,5 (H) x 19,1 (W) x 6,4 (D)<\/p>\n<p>Tama\u00f1o del embalaje de la unidad (en cm) 36,2 (alto) x 7,5 (ancho) x 20,5 (profundidad)<\/p>\n<p>Tama\u00f1o de la caja exterior (en cm) 38,5 (H) x 26 (W) x 44 (D)<\/p>\n<p>Peso neto 3,3 kg<\/p>\n<p>Peso bruto 3,67 kg<\/p>\n<p>Acabado galvanizado pintura epoxi<\/p>\n","protected":false},"excerpt":{"rendered":"<p>Ficha t\u00e9cnica<\/p>\n<p><strong>Ref: 710 GA<\/strong><br \/>\n<strong>Codigo: 60110<\/strong><\/p>\n","protected":false},"featured_media":6592,"template":"","meta":[],"product_brand":[],"product_cat":[73],"product_tag":[159,158,149],"class_list":{"0":"post-6591","1":"product","2":"type-product","3":"status-publish","4":"has-post-thumbnail","6":"product_cat-ceniceros-de-pie","7":"product_tag-cenicero-bares-y-restaurantes","8":"product_tag-cenicero-exterior","9":"product_tag-cenicero-mural","11":"first","12":"instock","13":"shipping-taxable","14":"product-type-simple"},"yoast_head":"<!-- This site is optimized with the Yoast SEO plugin v26.6 - https:\/\/yoast.com\/wordpress\/plugins\/seo\/ -->\n<title>Cenicero mural 3 litros % gris antracita % aplastacolillas acero inoxidable<\/title>\n<meta name=\"description\" content=\"Cenicero mural para exteriores, aplatacolillas de acero inoxidable, capacidad 3 litros, dispone de cubeta interior para su facil vaciado\" \/>\n<meta name=\"robots\" content=\"index, follow, max-snippet:-1, max-image-preview:large, max-video-preview:-1\" \/>\n<link rel=\"canonical\" href=\"https:\/\/www.cubis.es\/producto\/cenicero-mural-3-litros\/\" \/>\n<meta property=\"og:locale\" content=\"en_US\" \/>\n<meta property=\"og:type\" content=\"article\" \/>\n<meta property=\"og:title\" content=\"Cenicero mural 3 litros % gris antracita % aplastacolillas acero inoxidable\" \/>\n<meta property=\"og:description\" content=\"Cenicero mural para exteriores, aplatacolillas de acero inoxidable, capacidad 3 litros, dispone de cubeta interior para su facil vaciado\" \/>\n<meta property=\"og:url\" content=\"https:\/\/www.cubis.es\/producto\/cenicero-mural-3-litros\/\" \/>\n<meta property=\"og:site_name\" content=\"Cubis\" \/>\n<meta property=\"article:modified_time\" content=\"2021-04-25T18:15:01+00:00\" \/>\n<meta property=\"og:image\" content=\"https:\/\/www.cubis.es\/wp-content\/uploads\/2020\/12\/Cenicero-mural-3-L-60110.jpg\" \/>\n\t<meta property=\"og:image:width\" content=\"800\" \/>\n\t<meta property=\"og:image:height\" content=\"600\" \/>\n\t<meta property=\"og:image:type\" content=\"image\/jpeg\" \/>\n<meta name=\"twitter:card\" content=\"summary_large_image\" \/>\n<meta name=\"twitter:label1\" content=\"Est. reading time\" \/>\n\t<meta name=\"twitter:data1\" content=\"1 minute\" \/>\n<script type=\"application\/ld+json\" class=\"yoast-schema-graph\">{\"@context\":\"https:\/\/schema.org\",\"@graph\":[{\"@type\":\"WebPage\",\"@id\":\"https:\/\/www.cubis.es\/producto\/cenicero-mural-3-litros\/\",\"url\":\"https:\/\/www.cubis.es\/producto\/cenicero-mural-3-litros\/\",\"name\":\"Cenicero mural 3 litros % gris antracita % aplastacolillas acero inoxidable\",\"isPartOf\":{\"@id\":\"https:\/\/www.cubis.es\/#website\"},\"primaryImageOfPage\":{\"@id\":\"https:\/\/www.cubis.es\/producto\/cenicero-mural-3-litros\/#primaryimage\"},\"image\":{\"@id\":\"https:\/\/www.cubis.es\/producto\/cenicero-mural-3-litros\/#primaryimage\"},\"thumbnailUrl\":\"https:\/\/www.cubis.es\/wp-content\/uploads\/2020\/12\/Cenicero-mural-3-L-60110.jpg\",\"datePublished\":\"2020-12-13T08:47:19+00:00\",\"dateModified\":\"2021-04-25T18:15:01+00:00\",\"description\":\"Cenicero mural para exteriores, aplatacolillas de acero inoxidable, capacidad 3 litros, dispone de cubeta interior para su facil vaciado\",\"breadcrumb\":{\"@id\":\"https:\/\/www.cubis.es\/producto\/cenicero-mural-3-litros\/#breadcrumb\"},\"inLanguage\":\"en-US\",\"potentialAction\":[{\"@type\":\"ReadAction\",\"target\":[\"https:\/\/www.cubis.es\/producto\/cenicero-mural-3-litros\/\"]}]},{\"@type\":\"ImageObject\",\"inLanguage\":\"en-US\",\"@id\":\"https:\/\/www.cubis.es\/producto\/cenicero-mural-3-litros\/#primaryimage\",\"url\":\"https:\/\/www.cubis.es\/wp-content\/uploads\/2020\/12\/Cenicero-mural-3-L-60110.jpg\",\"contentUrl\":\"https:\/\/www.cubis.es\/wp-content\/uploads\/2020\/12\/Cenicero-mural-3-L-60110.jpg\",\"width\":800,\"height\":600},{\"@type\":\"BreadcrumbList\",\"@id\":\"https:\/\/www.cubis.es\/producto\/cenicero-mural-3-litros\/#breadcrumb\",\"itemListElement\":[{\"@type\":\"ListItem\",\"position\":1,\"name\":\"Portada\",\"item\":\"https:\/\/www.cubis.es\/en\/\"},{\"@type\":\"ListItem\",\"position\":2,\"name\":\"Productes\",\"item\":\"https:\/\/www.cubis.es\/ca\/shop\/\"},{\"@type\":\"ListItem\",\"position\":3,\"name\":\"Cenicero mural 3 litros\"}]},{\"@type\":\"WebSite\",\"@id\":\"https:\/\/www.cubis.es\/#website\",\"url\":\"https:\/\/www.cubis.es\/\",\"name\":\"Cubis\",\"description\":\"Fabricantes desde 1955\",\"publisher\":{\"@id\":\"https:\/\/www.cubis.es\/#organization\"},\"potentialAction\":[{\"@type\":\"SearchAction\",\"target\":{\"@type\":\"EntryPoint\",\"urlTemplate\":\"https:\/\/www.cubis.es\/?s={search_term_string}\"},\"query-input\":{\"@type\":\"PropertyValueSpecification\",\"valueRequired\":true,\"valueName\":\"search_term_string\"}}],\"inLanguage\":\"en-US\"},{\"@type\":\"Organization\",\"@id\":\"https:\/\/www.cubis.es\/#organization\",\"name\":\"SIGUERTA\",\"url\":\"https:\/\/www.cubis.es\/\",\"logo\":{\"@type\":\"ImageObject\",\"inLanguage\":\"en-US\",\"@id\":\"https:\/\/www.cubis.es\/#\/schema\/logo\/image\/\",\"url\":\"https:\/\/www.cubis.es\/wp-content\/uploads\/2019\/09\/ezgif.com-webp-to-png.png\",\"contentUrl\":\"https:\/\/www.cubis.es\/wp-content\/uploads\/2019\/09\/ezgif.com-webp-to-png.png\",\"width\":239,\"height\":41,\"caption\":\"SIGUERTA\"},\"image\":{\"@id\":\"https:\/\/www.cubis.es\/#\/schema\/logo\/image\/\"}}]}<\/script>\n<!-- \/ Yoast SEO plugin. -->","yoast_head_json":{"title":"Cenicero mural 3 litros % gris antracita % aplastacolillas acero inoxidable","description":"Cenicero mural para exteriores, aplatacolillas de acero inoxidable, capacidad 3 litros, dispone de cubeta interior para su facil vaciado","robots":{"index":"index","follow":"follow","max-snippet":"max-snippet:-1","max-image-preview":"max-image-preview:large","max-video-preview":"max-video-preview:-1"},"canonical":"https:\/\/www.cubis.es\/producto\/cenicero-mural-3-litros\/","og_locale":"en_US","og_type":"article","og_title":"Cenicero mural 3 litros % gris antracita % aplastacolillas acero inoxidable","og_description":"Cenicero mural para exteriores, aplatacolillas de acero inoxidable, capacidad 3 litros, dispone de cubeta interior para su facil vaciado","og_url":"https:\/\/www.cubis.es\/producto\/cenicero-mural-3-litros\/","og_site_name":"Cubis","article_modified_time":"2021-04-25T18:15:01+00:00","og_image":[{"width":800,"height":600,"url":"https:\/\/www.cubis.es\/wp-content\/uploads\/2020\/12\/Cenicero-mural-3-L-60110.jpg","type":"image\/jpeg"}],"twitter_card":"summary_large_image","twitter_misc":{"Est. reading time":"1 minute"},"schema":{"@context":"https:\/\/schema.org","@graph":[{"@type":"WebPage","@id":"https:\/\/www.cubis.es\/producto\/cenicero-mural-3-litros\/","url":"https:\/\/www.cubis.es\/producto\/cenicero-mural-3-litros\/","name":"Cenicero mural 3 litros % gris antracita % aplastacolillas acero inoxidable","isPartOf":{"@id":"https:\/\/www.cubis.es\/#website"},"primaryImageOfPage":{"@id":"https:\/\/www.cubis.es\/producto\/cenicero-mural-3-litros\/#primaryimage"},"image":{"@id":"https:\/\/www.cubis.es\/producto\/cenicero-mural-3-litros\/#primaryimage"},"thumbnailUrl":"https:\/\/www.cubis.es\/wp-content\/uploads\/2020\/12\/Cenicero-mural-3-L-60110.jpg","datePublished":"2020-12-13T08:47:19+00:00","dateModified":"2021-04-25T18:15:01+00:00","description":"Cenicero mural para exteriores, aplatacolillas de acero inoxidable, capacidad 3 litros, dispone de cubeta interior para su facil vaciado","breadcrumb":{"@id":"https:\/\/www.cubis.es\/producto\/cenicero-mural-3-litros\/#breadcrumb"},"inLanguage":"en-US","potentialAction":[{"@type":"ReadAction","target":["https:\/\/www.cubis.es\/producto\/cenicero-mural-3-litros\/"]}]},{"@type":"ImageObject","inLanguage":"en-US","@id":"https:\/\/www.cubis.es\/producto\/cenicero-mural-3-litros\/#primaryimage","url":"https:\/\/www.cubis.es\/wp-content\/uploads\/2020\/12\/Cenicero-mural-3-L-60110.jpg","contentUrl":"https:\/\/www.cubis.es\/wp-content\/uploads\/2020\/12\/Cenicero-mural-3-L-60110.jpg","width":800,"height":600},{"@type":"BreadcrumbList","@id":"https:\/\/www.cubis.es\/producto\/cenicero-mural-3-litros\/#breadcrumb","itemListElement":[{"@type":"ListItem","position":1,"name":"Portada","item":"https:\/\/www.cubis.es\/en\/"},{"@type":"ListItem","position":2,"name":"Productes","item":"https:\/\/www.cubis.es\/ca\/shop\/"},{"@type":"ListItem","position":3,"name":"Cenicero mural 3 litros"}]},{"@type":"WebSite","@id":"https:\/\/www.cubis.es\/#website","url":"https:\/\/www.cubis.es\/","name":"Cubis","description":"Fabricantes desde 1955","publisher":{"@id":"https:\/\/www.cubis.es\/#organization"},"potentialAction":[{"@type":"SearchAction","target":{"@type":"EntryPoint","urlTemplate":"https:\/\/www.cubis.es\/?s={search_term_string}"},"query-input":{"@type":"PropertyValueSpecification","valueRequired":true,"valueName":"search_term_string"}}],"inLanguage":"en-US"},{"@type":"Organization","@id":"https:\/\/www.cubis.es\/#organization","name":"SIGUERTA","url":"https:\/\/www.cubis.es\/","logo":{"@type":"ImageObject","inLanguage":"en-US","@id":"https:\/\/www.cubis.es\/#\/schema\/logo\/image\/","url":"https:\/\/www.cubis.es\/wp-content\/uploads\/2019\/09\/ezgif.com-webp-to-png.png","contentUrl":"https:\/\/www.cubis.es\/wp-content\/uploads\/2019\/09\/ezgif.com-webp-to-png.png","width":239,"height":41,"caption":"SIGUERTA"},"image":{"@id":"https:\/\/www.cubis.es\/#\/schema\/logo\/image\/"}}]}},"_links":{"self":[{"href":"https:\/\/www.cubis.es\/en\/wp-json\/wp\/v2\/product\/6591","targetHints":{"allow":["GET"]}}],"collection":[{"href":"https:\/\/www.cubis.es\/en\/wp-json\/wp\/v2\/product"}],"about":[{"href":"https:\/\/www.cubis.es\/en\/wp-json\/wp\/v2\/types\/product"}],"wp:featuredmedia":[{"embeddable":true,"href":"https:\/\/www.cubis.es\/en\/wp-json\/wp\/v2\/media\/6592"}],"wp:attachment":[{"href":"https:\/\/www.cubis.es\/en\/wp-json\/wp\/v2\/media?parent=6591"}],"wp:term":[{"taxonomy":"product_brand","embeddable":true,"href":"https:\/\/www.cubis.es\/en\/wp-json\/wp\/v2\/product_brand?post=6591"},{"taxonomy":"product_cat","embeddable":true,"href":"https:\/\/www.cubis.es\/en\/wp-json\/wp\/v2\/product_cat?post=6591"},{"taxonomy":"product_tag","embeddable":true,"href":"https:\/\/www.cubis.es\/en\/wp-json\/wp\/v2\/product_tag?post=6591"}],"curies":[{"name":"wp","href":"https:\/\/api.w.org\/{rel}","templated":true}]}}