{"id":6726,"date":"2021-04-02T19:46:30","date_gmt":"2021-04-02T17:46:30","guid":{"rendered":"https:\/\/www.cubis.es\/?post_type=product&#038;p=6726"},"modified":"2021-04-25T20:16:29","modified_gmt":"2021-04-25T18:16:29","slug":"cenicero-de-pie-inoxidable-11-litros-de-capacidad-con-llave-y-placa-base-para-atornillar-al-suelo","status":"publish","type":"product","link":"https:\/\/www.cubis.es\/en\/producto\/cenicero-de-pie-inoxidable-11-litros-de-capacidad-con-llave-y-placa-base-para-atornillar-al-suelo\/","title":{"rendered":"Cenicero de pie de 1,1 litros Inox. pulido"},"content":{"rendered":"<p><span class=\"fontstyle0\"><strong>Caracter\u00edsticas:<\/strong><br \/>\n<\/span><span class=\"fontstyle1\">\u2022 Cenicero completo de acero inoxidable con techo para proteger el contenido del agua de lluvia<br \/>\n\u2022 Instalaci\u00f3n r\u00e1pida y sencilla: se entrega con una llave y un kit de fijaci\u00f3n al suelo<br \/>\n\u2022 Trampilla a media altura del cuerpo para su vaciado<br \/>\n\u2022 Acabado: Acero inoxidable espejo<br \/>\n\u2022 Dimensiones en cm: Altura 91 \u00d8 7,6 \u00d8 base 17,6<br \/>\n\u2022 Anclaje mediante tornillos<\/span><\/p>\n","protected":false},"excerpt":{"rendered":"<p><a href=\"https:\/\/www.cubis.es\/wp-content\/uploads\/2021\/04\/Cenicero-de-Pie-INOX-cod-60114.pdf\" target=\"_blank\" rel=\"noopener\"><span style=\"color: #ff0000;\"><strong>FICHA T\u00c9CNICA<\/strong><\/span><\/a><\/p>\n<p>REF.: 750I<br \/>\nCOD.: 60114<\/p>\n","protected":false},"featured_media":6730,"template":"","meta":[],"product_brand":[],"product_cat":[73],"product_tag":[159,148,158],"class_list":{"0":"post-6726","1":"product","2":"type-product","3":"status-publish","4":"has-post-thumbnail","6":"product_cat-ceniceros-de-pie","7":"product_tag-cenicero-bares-y-restaurantes","8":"product_tag-cenicero-de-pie","9":"product_tag-cenicero-exterior","11":"first","12":"instock","13":"shipping-taxable","14":"product-type-simple"},"yoast_head":"<!-- This site is optimized with the Yoast SEO plugin v26.6 - https:\/\/yoast.com\/wordpress\/plugins\/seo\/ -->\n<title>Cenicero de pie de acero inoxidable pulido, para exterior, cerradura,<\/title>\n<meta name=\"description\" content=\"Cenicero de pie de acero inoxidable pulido, para exterior, cerradura, facil limpieza y vaciado, incluye instrucciones de montaje\" \/>\n<meta name=\"robots\" content=\"index, follow, max-snippet:-1, max-image-preview:large, max-video-preview:-1\" \/>\n<link rel=\"canonical\" href=\"https:\/\/www.cubis.es\/producto\/cenicero-de-pie-inoxidable-11-litros-de-capacidad-con-llave-y-placa-base-para-atornillar-al-suelo\/\" \/>\n<meta property=\"og:locale\" content=\"en_US\" \/>\n<meta property=\"og:type\" content=\"article\" \/>\n<meta property=\"og:title\" content=\"Cenicero de pie de acero inoxidable pulido, para exterior, cerradura,\" \/>\n<meta property=\"og:description\" content=\"Cenicero de pie de acero inoxidable pulido, para exterior, cerradura, facil limpieza y vaciado, incluye instrucciones de montaje\" \/>\n<meta property=\"og:url\" content=\"https:\/\/www.cubis.es\/producto\/cenicero-de-pie-inoxidable-11-litros-de-capacidad-con-llave-y-placa-base-para-atornillar-al-suelo\/\" \/>\n<meta property=\"og:site_name\" content=\"Cubis\" \/>\n<meta property=\"article:modified_time\" content=\"2021-04-25T18:16:29+00:00\" \/>\n<meta property=\"og:image\" content=\"https:\/\/www.cubis.es\/wp-content\/uploads\/2021\/04\/Cenicero-de-pie-Inox-11-litros-750I.jpg\" \/>\n\t<meta property=\"og:image:width\" content=\"800\" \/>\n\t<meta property=\"og:image:height\" content=\"600\" \/>\n\t<meta property=\"og:image:type\" content=\"image\/jpeg\" \/>\n<meta name=\"twitter:card\" content=\"summary_large_image\" \/>\n<script type=\"application\/ld+json\" class=\"yoast-schema-graph\">{\"@context\":\"https:\/\/schema.org\",\"@graph\":[{\"@type\":\"WebPage\",\"@id\":\"https:\/\/www.cubis.es\/producto\/cenicero-de-pie-inoxidable-11-litros-de-capacidad-con-llave-y-placa-base-para-atornillar-al-suelo\/\",\"url\":\"https:\/\/www.cubis.es\/producto\/cenicero-de-pie-inoxidable-11-litros-de-capacidad-con-llave-y-placa-base-para-atornillar-al-suelo\/\",\"name\":\"Cenicero de pie de acero inoxidable pulido, para exterior, cerradura,\",\"isPartOf\":{\"@id\":\"https:\/\/www.cubis.es\/#website\"},\"primaryImageOfPage\":{\"@id\":\"https:\/\/www.cubis.es\/producto\/cenicero-de-pie-inoxidable-11-litros-de-capacidad-con-llave-y-placa-base-para-atornillar-al-suelo\/#primaryimage\"},\"image\":{\"@id\":\"https:\/\/www.cubis.es\/producto\/cenicero-de-pie-inoxidable-11-litros-de-capacidad-con-llave-y-placa-base-para-atornillar-al-suelo\/#primaryimage\"},\"thumbnailUrl\":\"https:\/\/www.cubis.es\/wp-content\/uploads\/2021\/04\/Cenicero-de-pie-Inox-11-litros-750I.jpg\",\"datePublished\":\"2021-04-02T17:46:30+00:00\",\"dateModified\":\"2021-04-25T18:16:29+00:00\",\"description\":\"Cenicero de pie de acero inoxidable pulido, para exterior, cerradura, facil limpieza y vaciado, incluye instrucciones de montaje\",\"breadcrumb\":{\"@id\":\"https:\/\/www.cubis.es\/producto\/cenicero-de-pie-inoxidable-11-litros-de-capacidad-con-llave-y-placa-base-para-atornillar-al-suelo\/#breadcrumb\"},\"inLanguage\":\"en-US\",\"potentialAction\":[{\"@type\":\"ReadAction\",\"target\":[\"https:\/\/www.cubis.es\/producto\/cenicero-de-pie-inoxidable-11-litros-de-capacidad-con-llave-y-placa-base-para-atornillar-al-suelo\/\"]}]},{\"@type\":\"ImageObject\",\"inLanguage\":\"en-US\",\"@id\":\"https:\/\/www.cubis.es\/producto\/cenicero-de-pie-inoxidable-11-litros-de-capacidad-con-llave-y-placa-base-para-atornillar-al-suelo\/#primaryimage\",\"url\":\"https:\/\/www.cubis.es\/wp-content\/uploads\/2021\/04\/Cenicero-de-pie-Inox-11-litros-750I.jpg\",\"contentUrl\":\"https:\/\/www.cubis.es\/wp-content\/uploads\/2021\/04\/Cenicero-de-pie-Inox-11-litros-750I.jpg\",\"width\":800,\"height\":600},{\"@type\":\"BreadcrumbList\",\"@id\":\"https:\/\/www.cubis.es\/producto\/cenicero-de-pie-inoxidable-11-litros-de-capacidad-con-llave-y-placa-base-para-atornillar-al-suelo\/#breadcrumb\",\"itemListElement\":[{\"@type\":\"ListItem\",\"position\":1,\"name\":\"Portada\",\"item\":\"https:\/\/www.cubis.es\/en\/\"},{\"@type\":\"ListItem\",\"position\":2,\"name\":\"Productes\",\"item\":\"https:\/\/www.cubis.es\/ca\/shop\/\"},{\"@type\":\"ListItem\",\"position\":3,\"name\":\"Cenicero de pie de 1,1 litros Inox. pulido\"}]},{\"@type\":\"WebSite\",\"@id\":\"https:\/\/www.cubis.es\/#website\",\"url\":\"https:\/\/www.cubis.es\/\",\"name\":\"Cubis\",\"description\":\"Fabricantes desde 1955\",\"publisher\":{\"@id\":\"https:\/\/www.cubis.es\/#organization\"},\"potentialAction\":[{\"@type\":\"SearchAction\",\"target\":{\"@type\":\"EntryPoint\",\"urlTemplate\":\"https:\/\/www.cubis.es\/?s={search_term_string}\"},\"query-input\":{\"@type\":\"PropertyValueSpecification\",\"valueRequired\":true,\"valueName\":\"search_term_string\"}}],\"inLanguage\":\"en-US\"},{\"@type\":\"Organization\",\"@id\":\"https:\/\/www.cubis.es\/#organization\",\"name\":\"SIGUERTA\",\"url\":\"https:\/\/www.cubis.es\/\",\"logo\":{\"@type\":\"ImageObject\",\"inLanguage\":\"en-US\",\"@id\":\"https:\/\/www.cubis.es\/#\/schema\/logo\/image\/\",\"url\":\"https:\/\/www.cubis.es\/wp-content\/uploads\/2019\/09\/ezgif.com-webp-to-png.png\",\"contentUrl\":\"https:\/\/www.cubis.es\/wp-content\/uploads\/2019\/09\/ezgif.com-webp-to-png.png\",\"width\":239,\"height\":41,\"caption\":\"SIGUERTA\"},\"image\":{\"@id\":\"https:\/\/www.cubis.es\/#\/schema\/logo\/image\/\"}}]}<\/script>\n<!-- \/ Yoast SEO plugin. -->","yoast_head_json":{"title":"Cenicero de pie de acero inoxidable pulido, para exterior, cerradura,","description":"Cenicero de pie de acero inoxidable pulido, para exterior, cerradura, facil limpieza y vaciado, incluye instrucciones de montaje","robots":{"index":"index","follow":"follow","max-snippet":"max-snippet:-1","max-image-preview":"max-image-preview:large","max-video-preview":"max-video-preview:-1"},"canonical":"https:\/\/www.cubis.es\/producto\/cenicero-de-pie-inoxidable-11-litros-de-capacidad-con-llave-y-placa-base-para-atornillar-al-suelo\/","og_locale":"en_US","og_type":"article","og_title":"Cenicero de pie de acero inoxidable pulido, para exterior, cerradura,","og_description":"Cenicero de pie de acero inoxidable pulido, para exterior, cerradura, facil limpieza y vaciado, incluye instrucciones de montaje","og_url":"https:\/\/www.cubis.es\/producto\/cenicero-de-pie-inoxidable-11-litros-de-capacidad-con-llave-y-placa-base-para-atornillar-al-suelo\/","og_site_name":"Cubis","article_modified_time":"2021-04-25T18:16:29+00:00","og_image":[{"width":800,"height":600,"url":"https:\/\/www.cubis.es\/wp-content\/uploads\/2021\/04\/Cenicero-de-pie-Inox-11-litros-750I.jpg","type":"image\/jpeg"}],"twitter_card":"summary_large_image","schema":{"@context":"https:\/\/schema.org","@graph":[{"@type":"WebPage","@id":"https:\/\/www.cubis.es\/producto\/cenicero-de-pie-inoxidable-11-litros-de-capacidad-con-llave-y-placa-base-para-atornillar-al-suelo\/","url":"https:\/\/www.cubis.es\/producto\/cenicero-de-pie-inoxidable-11-litros-de-capacidad-con-llave-y-placa-base-para-atornillar-al-suelo\/","name":"Cenicero de pie de acero inoxidable pulido, para exterior, cerradura,","isPartOf":{"@id":"https:\/\/www.cubis.es\/#website"},"primaryImageOfPage":{"@id":"https:\/\/www.cubis.es\/producto\/cenicero-de-pie-inoxidable-11-litros-de-capacidad-con-llave-y-placa-base-para-atornillar-al-suelo\/#primaryimage"},"image":{"@id":"https:\/\/www.cubis.es\/producto\/cenicero-de-pie-inoxidable-11-litros-de-capacidad-con-llave-y-placa-base-para-atornillar-al-suelo\/#primaryimage"},"thumbnailUrl":"https:\/\/www.cubis.es\/wp-content\/uploads\/2021\/04\/Cenicero-de-pie-Inox-11-litros-750I.jpg","datePublished":"2021-04-02T17:46:30+00:00","dateModified":"2021-04-25T18:16:29+00:00","description":"Cenicero de pie de acero inoxidable pulido, para exterior, cerradura, facil limpieza y vaciado, incluye instrucciones de montaje","breadcrumb":{"@id":"https:\/\/www.cubis.es\/producto\/cenicero-de-pie-inoxidable-11-litros-de-capacidad-con-llave-y-placa-base-para-atornillar-al-suelo\/#breadcrumb"},"inLanguage":"en-US","potentialAction":[{"@type":"ReadAction","target":["https:\/\/www.cubis.es\/producto\/cenicero-de-pie-inoxidable-11-litros-de-capacidad-con-llave-y-placa-base-para-atornillar-al-suelo\/"]}]},{"@type":"ImageObject","inLanguage":"en-US","@id":"https:\/\/www.cubis.es\/producto\/cenicero-de-pie-inoxidable-11-litros-de-capacidad-con-llave-y-placa-base-para-atornillar-al-suelo\/#primaryimage","url":"https:\/\/www.cubis.es\/wp-content\/uploads\/2021\/04\/Cenicero-de-pie-Inox-11-litros-750I.jpg","contentUrl":"https:\/\/www.cubis.es\/wp-content\/uploads\/2021\/04\/Cenicero-de-pie-Inox-11-litros-750I.jpg","width":800,"height":600},{"@type":"BreadcrumbList","@id":"https:\/\/www.cubis.es\/producto\/cenicero-de-pie-inoxidable-11-litros-de-capacidad-con-llave-y-placa-base-para-atornillar-al-suelo\/#breadcrumb","itemListElement":[{"@type":"ListItem","position":1,"name":"Portada","item":"https:\/\/www.cubis.es\/en\/"},{"@type":"ListItem","position":2,"name":"Productes","item":"https:\/\/www.cubis.es\/ca\/shop\/"},{"@type":"ListItem","position":3,"name":"Cenicero de pie de 1,1 litros Inox. pulido"}]},{"@type":"WebSite","@id":"https:\/\/www.cubis.es\/#website","url":"https:\/\/www.cubis.es\/","name":"Cubis","description":"Fabricantes desde 1955","publisher":{"@id":"https:\/\/www.cubis.es\/#organization"},"potentialAction":[{"@type":"SearchAction","target":{"@type":"EntryPoint","urlTemplate":"https:\/\/www.cubis.es\/?s={search_term_string}"},"query-input":{"@type":"PropertyValueSpecification","valueRequired":true,"valueName":"search_term_string"}}],"inLanguage":"en-US"},{"@type":"Organization","@id":"https:\/\/www.cubis.es\/#organization","name":"SIGUERTA","url":"https:\/\/www.cubis.es\/","logo":{"@type":"ImageObject","inLanguage":"en-US","@id":"https:\/\/www.cubis.es\/#\/schema\/logo\/image\/","url":"https:\/\/www.cubis.es\/wp-content\/uploads\/2019\/09\/ezgif.com-webp-to-png.png","contentUrl":"https:\/\/www.cubis.es\/wp-content\/uploads\/2019\/09\/ezgif.com-webp-to-png.png","width":239,"height":41,"caption":"SIGUERTA"},"image":{"@id":"https:\/\/www.cubis.es\/#\/schema\/logo\/image\/"}}]}},"_links":{"self":[{"href":"https:\/\/www.cubis.es\/en\/wp-json\/wp\/v2\/product\/6726","targetHints":{"allow":["GET"]}}],"collection":[{"href":"https:\/\/www.cubis.es\/en\/wp-json\/wp\/v2\/product"}],"about":[{"href":"https:\/\/www.cubis.es\/en\/wp-json\/wp\/v2\/types\/product"}],"wp:featuredmedia":[{"embeddable":true,"href":"https:\/\/www.cubis.es\/en\/wp-json\/wp\/v2\/media\/6730"}],"wp:attachment":[{"href":"https:\/\/www.cubis.es\/en\/wp-json\/wp\/v2\/media?parent=6726"}],"wp:term":[{"taxonomy":"product_brand","embeddable":true,"href":"https:\/\/www.cubis.es\/en\/wp-json\/wp\/v2\/product_brand?post=6726"},{"taxonomy":"product_cat","embeddable":true,"href":"https:\/\/www.cubis.es\/en\/wp-json\/wp\/v2\/product_cat?post=6726"},{"taxonomy":"product_tag","embeddable":true,"href":"https:\/\/www.cubis.es\/en\/wp-json\/wp\/v2\/product_tag?post=6726"}],"curies":[{"name":"wp","href":"https:\/\/api.w.org\/{rel}","templated":true}]}}